{"id":1792,"date":"2021-10-28T08:05:16","date_gmt":"2021-10-28T08:05:16","guid":{"rendered":"http:\/\/sansebastian.sietepuntosiete.es\/?page_id=1792"},"modified":"2024-09-04T12:37:47","modified_gmt":"2024-09-04T10:37:47","slug":"ayudas-fct","status":"publish","type":"page","link":"https:\/\/www.iessansebastian.com\/web\/ayudas-fct\/","title":{"rendered":"AYUDAS FCT"},"content":{"rendered":"\t\t<div data-elementor-type=\"wp-page\" data-elementor-id=\"1792\" class=\"elementor elementor-1792\">\n\t\t\t\t\t\t<section class=\"elementor-section elementor-top-section elementor-element elementor-element-70dcbfd elementor-section-boxed elementor-section-height-default elementor-section-height-default\" data-id=\"70dcbfd\" data-element_type=\"section\" data-e-type=\"section\">\n\t\t\t\t\t\t<div class=\"elementor-container elementor-column-gap-default\">\n\t\t\t\t\t<div class=\"elementor-column elementor-col-100 elementor-top-column elementor-element elementor-element-ca3f475\" data-id=\"ca3f475\" data-element_type=\"column\" data-e-type=\"column\">\n\t\t\t<div class=\"elementor-widget-wrap elementor-element-populated\">\n\t\t\t\t\t\t<div class=\"elementor-element elementor-element-f687ea9 elementor-widget elementor-widget-image\" data-id=\"f687ea9\" data-element_type=\"widget\" data-e-type=\"widget\" data-widget_type=\"image.default\">\n\t\t\t\t<div class=\"elementor-widget-container\">\n\t\t\t\t\t\t\t\t\t\t\t\t\t\t\t<img fetchpriority=\"high\" decoding=\"async\" width=\"2560\" height=\"719\" src=\"https:\/\/www.iessansebastian.com\/web\/wp-content\/uploads\/2021\/10\/ayudaFCTF-scaled.jpg\" class=\"attachment-full size-full wp-image-1795\" alt=\"\" srcset=\"https:\/\/www.iessansebastian.com\/web\/wp-content\/uploads\/2021\/10\/ayudaFCTF-scaled.jpg 2560w, https:\/\/www.iessansebastian.com\/web\/wp-content\/uploads\/2021\/10\/ayudaFCTF-300x84.jpg 300w, https:\/\/www.iessansebastian.com\/web\/wp-content\/uploads\/2021\/10\/ayudaFCTF-1024x287.jpg 1024w, https:\/\/www.iessansebastian.com\/web\/wp-content\/uploads\/2021\/10\/ayudaFCTF-768x216.jpg 768w, https:\/\/www.iessansebastian.com\/web\/wp-content\/uploads\/2021\/10\/ayudaFCTF-1536x431.jpg 1536w, https:\/\/www.iessansebastian.com\/web\/wp-content\/uploads\/2021\/10\/ayudaFCTF-2048x575.jpg 2048w\" sizes=\"(max-width: 2560px) 100vw, 2560px\" \/>\t\t\t\t\t\t\t\t\t\t\t\t\t\t\t<\/div>\n\t\t\t\t<\/div>\n\t\t\t\t\t<\/div>\n\t\t<\/div>\n\t\t\t\t\t<\/div>\n\t\t<\/section>\n\t\t\t\t<section class=\"elementor-section elementor-top-section elementor-element elementor-element-214c22f elementor-section-boxed elementor-section-height-default elementor-section-height-default\" data-id=\"214c22f\" data-element_type=\"section\" data-e-type=\"section\">\n\t\t\t\t\t\t<div class=\"elementor-container elementor-column-gap-default\">\n\t\t\t\t\t<div class=\"elementor-column elementor-col-100 elementor-top-column elementor-element elementor-element-ac2eab1\" data-id=\"ac2eab1\" data-element_type=\"column\" data-e-type=\"column\">\n\t\t\t<div class=\"elementor-widget-wrap elementor-element-populated\">\n\t\t\t\t\t\t<div class=\"elementor-element elementor-element-9b59c62 elementor-widget elementor-widget-text-editor\" data-id=\"9b59c62\" data-element_type=\"widget\" data-e-type=\"widget\" data-widget_type=\"text-editor.default\">\n\t\t\t\t<div class=\"elementor-widget-container\">\n\t\t\t\t\t\t\t\t\t<h1 style=\"text-align: center;\"><strong><span style=\"color: #993300;\">Ayudas por desplazamiento FCT y FP Dual<\/span><\/strong><\/h1><h1 style=\"text-align: center;\">\u00a0<\/h1><p><span style=\"color: #0000ff;\"><strong>INSTRUCCIONES para la SOLICITUD DE AYUDAS POR DESPLAZAMIENTO del alumnado que realiz\u00f3 presencialmente el m\u00f3dulo de FCT y FP Dual Curso 2023-24.<\/strong><\/span><\/p><p><span style=\"color: #000000;\">La informaci\u00f3n proporcionada por la consejer\u00eda de Educaci\u00f3n est\u00e1 disponible en<span style=\"color: #00ff00;\"><strong>\u00a0<\/strong><\/span><\/span><span style=\"color: #00ff00;\"><strong><a style=\"color: #00ff00;\" href=\"https:\/\/portals.ced.junta-andalucia.es\/educacion\/portals\/web\/inspeccion-educativa\/normativa-d\/-\/contenidos\/detalle\/resolucion-de-1-de-agosto-de-2024-de-la-direccion-general-de-formacion-profesional-por-la-que-se-convocan-ayudas-por-17esa3s0p1typ\" target=\"_blank\" rel=\"noopener\">este enlace<\/a><\/strong><\/span><span style=\"color: #000000;\">.<\/span><\/p><ul><li><span style=\"color: #000000;\">Nada m\u00e1s finalizar tu FCT debes cumplimentar el <a href=\"https:\/\/www.iessansebastian.com\/wp-content\/uploads\/2021\/10\/AYUDAS_FTC_Modelo_de_acreditacion_de_asistencia_a_la_empresa_FCT.pdf\" target=\"_blank\" rel=\"noopener\"><b>Documento de Acreditaci\u00f3n de Asistencia<\/b> <\/a><strong>en la empresa\u00a0<\/strong>cuyo contenido debe corresponderse con lo reflejado en las hojas de seguimiento en cuanto al n\u00famero de jornadas realizadas (siempre y cuando se superen el 80% del total de horas correspondientes de cada ciclo). Este documento <u>firmado<\/u> y <u>sellado EN LAS DOS HOJAS!!<\/u> por tu tutor\/a laboral debes entreg\u00e1rselo a la vicedirectora del centro y quedarte con una copia escaneada para adjuntarla a la solicitud.<\/span><\/li><li><span style=\"color: #000000;\">Finalmente, adjuntar\u00e1 este documento a su solicitud de ayuda que debe cumplimentar en la <a style=\"color: #000000;\" href=\"https:\/\/www.juntadeandalucia.es\/educacion\/secretariavirtual\/\">Secretar\u00eda virtual de la Consejer\u00eda de Educaci\u00f3n<\/a> cuando se abra la convocatoria. La solicitud se puede presentar en la siguientes modalidades:<\/span><ul><li><span style=\"color: #000000;\">Utilizando la clave iANDE o el certificado digital, con los que podr\u00e1 firmar digitalmente el formulario de solicitud de ayuda en la <a style=\"color: #000000;\" href=\"https:\/\/www.juntadeandalucia.es\/educacion\/secretariavirtual\/solicitudes\/#Becas_y_Ayuda\">Secretar\u00eda Virtual<\/a>, d\u00e1ndose por finalizada la presentaci\u00f3n de la solicitud con este tr\u00e1mite.<\/span><\/li><\/ul><\/li><\/ul><ul><li style=\"list-style-type: none;\"><ul><li><span style=\"color: #000000;\"><strong>Plazo de presentaci\u00f3n de solicitudes: 7 d\u00edas naturales a contar a partir del 9 de septiembre de 2024<\/strong>.<\/span><\/li><\/ul><\/li><\/ul><ul><li style=\"list-style-type: none;\"><ul><li><span style=\"color: #000000;\">Cumplimentaci\u00f3n de las solicitudes. Todas se rellenan en la web de la <a style=\"color: #000000;\" href=\"https:\/\/www.juntadeandalucia.es\/educacion\/secretariavirtual\/\">Secretar\u00eda Virtual<\/a> de la Consejer\u00eda de Educaci\u00f3n.<\/span><\/li><\/ul><\/li><\/ul>\t\t\t\t\t\t\t\t<\/div>\n\t\t\t\t<\/div>\n\t\t\t\t\t<\/div>\n\t\t<\/div>\n\t\t\t\t\t<\/div>\n\t\t<\/section>\n\t\t\t\t<\/div>\n\t\t","protected":false},"excerpt":{"rendered":"<p>Ayudas por desplazamiento FCT y FP Dual \u00a0 INSTRUCCIONES para la SOLICITUD DE AYUDAS POR DESPLAZAMIENTO del alumnado que realiz\u00f3 presencialmente el m\u00f3dulo de FCT y FP Dual Curso 2023-24. [&hellip;]<\/p>\n","protected":false},"author":1,"featured_media":0,"parent":0,"menu_order":0,"comment_status":"closed","ping_status":"closed","template":"","meta":{"ocean_post_layout":"","ocean_both_sidebars_style":"","ocean_both_sidebars_content_width":0,"ocean_both_sidebars_sidebars_width":0,"ocean_sidebar":"0","ocean_second_sidebar":"0","ocean_disable_margins":"on","ocean_add_body_class":"","ocean_shortcode_before_top_bar":"","ocean_shortcode_after_top_bar":"","ocean_shortcode_before_header":"","ocean_shortcode_after_header":"","ocean_has_shortcode":"","ocean_shortcode_after_title":"","ocean_shortcode_before_footer_widgets":"","ocean_shortcode_after_footer_widgets":"","ocean_shortcode_before_footer_bottom":"","ocean_shortcode_after_footer_bottom":"","ocean_display_top_bar":"default","ocean_display_header":"default","ocean_header_style":"","ocean_center_header_left_menu":"0","ocean_custom_header_template":"0","ocean_custom_logo":0,"ocean_custom_retina_logo":0,"ocean_custom_logo_max_width":0,"ocean_custom_logo_tablet_max_width":0,"ocean_custom_logo_mobile_max_width":0,"ocean_custom_logo_max_height":0,"ocean_custom_logo_tablet_max_height":0,"ocean_custom_logo_mobile_max_height":0,"ocean_header_custom_menu":"0","ocean_menu_typo_font_family":"0","ocean_menu_typo_font_subset":"","ocean_menu_typo_font_size":0,"ocean_menu_typo_font_size_tablet":0,"ocean_menu_typo_font_size_mobile":0,"ocean_menu_typo_font_size_unit":"px","ocean_menu_typo_font_weight":"","ocean_menu_typo_font_weight_tablet":"","ocean_menu_typo_font_weight_mobile":"","ocean_menu_typo_transform":"","ocean_menu_typo_transform_tablet":"","ocean_menu_typo_transform_mobile":"","ocean_menu_typo_line_height":0,"ocean_menu_typo_line_height_tablet":0,"ocean_menu_typo_line_height_mobile":0,"ocean_menu_typo_line_height_unit":"","ocean_menu_typo_spacing":0,"ocean_menu_typo_spacing_tablet":0,"ocean_menu_typo_spacing_mobile":0,"ocean_menu_typo_spacing_unit":"","ocean_menu_link_color":"","ocean_menu_link_color_hover":"","ocean_menu_link_color_active":"","ocean_menu_link_background":"","ocean_menu_link_hover_background":"","ocean_menu_link_active_background":"","ocean_menu_social_links_bg":"","ocean_menu_social_hover_links_bg":"","ocean_menu_social_links_color":"","ocean_menu_social_hover_links_color":"","ocean_disable_title":"on","ocean_disable_heading":"default","ocean_post_title":"","ocean_post_subheading":"","ocean_post_title_style":"","ocean_post_title_background_color":"","ocean_post_title_background":0,"ocean_post_title_bg_image_position":"","ocean_post_title_bg_image_attachment":"","ocean_post_title_bg_image_repeat":"","ocean_post_title_bg_image_size":"","ocean_post_title_height":0,"ocean_post_title_bg_overlay":0.5,"ocean_post_title_bg_overlay_color":"","ocean_disable_breadcrumbs":"default","ocean_breadcrumbs_color":"","ocean_breadcrumbs_separator_color":"","ocean_breadcrumbs_links_color":"","ocean_breadcrumbs_links_hover_color":"","ocean_display_footer_widgets":"default","ocean_display_footer_bottom":"default","ocean_custom_footer_template":"0","footnotes":""},"class_list":["post-1792","page","type-page","status-publish","hentry","entry"],"_links":{"self":[{"href":"https:\/\/www.iessansebastian.com\/web\/wp-json\/wp\/v2\/pages\/1792","targetHints":{"allow":["GET"]}}],"collection":[{"href":"https:\/\/www.iessansebastian.com\/web\/wp-json\/wp\/v2\/pages"}],"about":[{"href":"https:\/\/www.iessansebastian.com\/web\/wp-json\/wp\/v2\/types\/page"}],"author":[{"embeddable":true,"href":"https:\/\/www.iessansebastian.com\/web\/wp-json\/wp\/v2\/users\/1"}],"replies":[{"embeddable":true,"href":"https:\/\/www.iessansebastian.com\/web\/wp-json\/wp\/v2\/comments?post=1792"}],"version-history":[{"count":57,"href":"https:\/\/www.iessansebastian.com\/web\/wp-json\/wp\/v2\/pages\/1792\/revisions"}],"predecessor-version":[{"id":9636,"href":"https:\/\/www.iessansebastian.com\/web\/wp-json\/wp\/v2\/pages\/1792\/revisions\/9636"}],"wp:attachment":[{"href":"https:\/\/www.iessansebastian.com\/web\/wp-json\/wp\/v2\/media?parent=1792"}],"curies":[{"name":"wp","href":"https:\/\/api.w.org\/{rel}","templated":true}]}}