{"id":339,"date":"2021-07-08T08:44:01","date_gmt":"2021-07-08T08:44:01","guid":{"rendered":"http:\/\/sansebastian.sietepuntosiete.es\/?page_id=339"},"modified":"2025-06-30T17:05:55","modified_gmt":"2025-06-30T15:05:55","slug":"matricula-eso","status":"publish","type":"page","link":"https:\/\/www.iessansebastian.com\/web\/matricula-eso\/","title":{"rendered":"MATR\u00cdCULA ESO"},"content":{"rendered":"\t\t<div data-elementor-type=\"wp-page\" data-elementor-id=\"339\" class=\"elementor elementor-339\">\n\t\t\t\t\t\t<section class=\"elementor-section elementor-top-section elementor-element elementor-element-594efed elementor-section-boxed elementor-section-height-default elementor-section-height-default\" data-id=\"594efed\" data-element_type=\"section\" data-e-type=\"section\">\n\t\t\t\t\t\t<div class=\"elementor-container elementor-column-gap-default\">\n\t\t\t\t\t<div class=\"elementor-column elementor-col-100 elementor-top-column elementor-element elementor-element-cf90750\" data-id=\"cf90750\" data-element_type=\"column\" data-e-type=\"column\">\n\t\t\t<div class=\"elementor-widget-wrap elementor-element-populated\">\n\t\t\t\t\t\t<div class=\"elementor-element elementor-element-4bb8bdb elementor-widget elementor-widget-image\" data-id=\"4bb8bdb\" data-element_type=\"widget\" data-e-type=\"widget\" data-widget_type=\"image.default\">\n\t\t\t\t<div class=\"elementor-widget-container\">\n\t\t\t\t\t\t\t\t\t\t\t\t\t\t\t<img fetchpriority=\"high\" decoding=\"async\" width=\"400\" height=\"185\" src=\"https:\/\/www.iessansebastian.com\/web\/wp-content\/uploads\/2021\/07\/E.S.O-Orientak.png\" class=\"attachment-large size-large wp-image-1140\" alt=\"\" srcset=\"https:\/\/www.iessansebastian.com\/web\/wp-content\/uploads\/2021\/07\/E.S.O-Orientak.png 400w, https:\/\/www.iessansebastian.com\/web\/wp-content\/uploads\/2021\/07\/E.S.O-Orientak-300x139.png 300w\" sizes=\"(max-width: 400px) 100vw, 400px\" \/>\t\t\t\t\t\t\t\t\t\t\t\t\t\t\t<\/div>\n\t\t\t\t<\/div>\n\t\t\t\t\t<\/div>\n\t\t<\/div>\n\t\t\t\t\t<\/div>\n\t\t<\/section>\n\t\t\t\t<section class=\"elementor-section elementor-top-section elementor-element elementor-element-0dc1b30 elementor-section-boxed elementor-section-height-default elementor-section-height-default\" data-id=\"0dc1b30\" data-element_type=\"section\" data-e-type=\"section\">\n\t\t\t\t\t\t<div class=\"elementor-container elementor-column-gap-default\">\n\t\t\t\t\t<div class=\"elementor-column elementor-col-100 elementor-top-column elementor-element elementor-element-1f6838e\" data-id=\"1f6838e\" data-element_type=\"column\" data-e-type=\"column\">\n\t\t\t<div class=\"elementor-widget-wrap elementor-element-populated\">\n\t\t\t\t\t\t<div class=\"elementor-element elementor-element-92564b0 elementor-widget-divider--view-line_text elementor-widget-divider--element-align-center elementor-widget elementor-widget-divider\" data-id=\"92564b0\" data-element_type=\"widget\" data-e-type=\"widget\" data-widget_type=\"divider.default\">\n\t\t\t\t<div class=\"elementor-widget-container\">\n\t\t\t\t\t\t\t<div class=\"elementor-divider\">\n\t\t\t<span class=\"elementor-divider-separator\">\n\t\t\t\t\t\t\t<span class=\"elementor-divider__text elementor-divider__element\">\n\t\t\t\tALUMNADO DE NUEVO INGRESO (UNA VEZ ADMITIDO)\t\t\t\t<\/span>\n\t\t\t\t\t\t<\/span>\n\t\t<\/div>\n\t\t\t\t\t\t<\/div>\n\t\t\t\t<\/div>\n\t\t\t\t\t<\/div>\n\t\t<\/div>\n\t\t\t\t\t<\/div>\n\t\t<\/section>\n\t\t\t\t<section class=\"elementor-section elementor-top-section elementor-element elementor-element-3b4ce6f elementor-section-boxed elementor-section-height-default elementor-section-height-default\" data-id=\"3b4ce6f\" data-element_type=\"section\" data-e-type=\"section\">\n\t\t\t\t\t\t<div class=\"elementor-container elementor-column-gap-default\">\n\t\t\t\t\t<div class=\"elementor-column elementor-col-100 elementor-top-column elementor-element elementor-element-d29c75f\" data-id=\"d29c75f\" data-element_type=\"column\" data-e-type=\"column\">\n\t\t\t<div class=\"elementor-widget-wrap elementor-element-populated\">\n\t\t\t\t\t\t<div class=\"elementor-element elementor-element-95ac9cf elementor-widget elementor-widget-toggle\" data-id=\"95ac9cf\" data-element_type=\"widget\" data-e-type=\"widget\" data-widget_type=\"toggle.default\">\n\t\t\t\t<div class=\"elementor-widget-container\">\n\t\t\t\t\t\t\t<div class=\"elementor-toggle\">\n\t\t\t\t\t\t\t<div class=\"elementor-toggle-item\">\n\t\t\t\t\t<div id=\"elementor-tab-title-1561\" class=\"elementor-tab-title\" data-tab=\"1\" role=\"button\" aria-controls=\"elementor-tab-content-1561\" aria-expanded=\"false\">\n\t\t\t\t\t\t\t\t\t\t\t\t<span class=\"elementor-toggle-icon elementor-toggle-icon-left\" aria-hidden=\"true\">\n\t\t\t\t\t\t\t\t\t\t\t\t\t\t\t<span class=\"elementor-toggle-icon-closed\"><i class=\"fas fa-caret-right\"><\/i><\/span>\n\t\t\t\t\t\t\t\t<span class=\"elementor-toggle-icon-opened\"><i class=\"elementor-toggle-icon-opened fas fa-caret-up\"><\/i><\/span>\n\t\t\t\t\t\t\t\t\t\t\t\t\t<\/span>\n\t\t\t\t\t\t\t\t\t\t\t\t<a class=\"elementor-toggle-title\" tabindex=\"0\">C\u00d3MO MATRICULARSE <\/a>\n\t\t\t\t\t<\/div>\n\n\t\t\t\t\t<div id=\"elementor-tab-content-1561\" class=\"elementor-tab-content elementor-clearfix\" data-tab=\"1\" role=\"region\" aria-labelledby=\"elementor-tab-title-1561\"><ul><li><strong>Matr\u00edcula Telem\u00e1tica:<\/strong><strong>(Recomendada)<\/strong><ul><li style=\"list-style-type: none;\"><ul><li><span style=\"color: #ff0000;\">Instrucciones para rellenar el Sobre de Matr\u00edcula por Secretar\u00eda Virtual<\/span><ul><li><span style=\"color: #0000ff;\"><a style=\"color: #0000ff;\" href=\"https:\/\/www.iessansebastian.com\/web\/wp-content\/uploads\/2024\/06\/InformacionSobre1oESO-24_25.pdf\">1\u00ba ESO<\/a><\/span><\/li><li><span style=\"color: #0000ff;\"><a style=\"color: #0000ff;\" href=\"https:\/\/www.iessansebastian.com\/web\/wp-content\/uploads\/2024\/06\/InformacionSobre2oESO-24_25.pdf\">2\u00ba ESO<\/a><\/span><\/li><li><a href=\"https:\/\/www.iessansebastian.com\/web\/wp-content\/uploads\/2024\/06\/InformacionSobre-3oESO-24_25.pdf\"><span style=\"color: #0000ff;\">3\u00ba ESO<\/span><\/a><\/li><li><a href=\"https:\/\/www.iessansebastian.com\/web\/wp-content\/uploads\/2024\/06\/InformacionSobre-4oESO-24_25.pdf\"><span style=\"color: #0000ff;\">4\u00ba ESO<\/span><\/a><\/li><\/ul><\/li><\/ul><\/li><\/ul><\/li><\/ul><ol><li style=\"list-style-type: none;\"><ol><li>Deber\u00e1 acceder al sobre de matr\u00edcula electr\u00f3nica disponible en la Secretar\u00eda Virtual de la Junta de Andaluc\u00eda (el enlace estar\u00e1 habilitado del 1 al 10 de julio)\u00a0<\/li><li>Deber\u00e1\u00a0<u>identificarse mediante clave iANDE <\/u>del alumno\/a.\u00a0<\/li><li><u>Rellenar <\/u>todos los apartados de la matr\u00edcula y dem\u00e1s documentaci\u00f3n, y una vez finalizado, est\u00e1 quedar\u00e1\u00a0<u>presentada sin necesidad de acudir al instituto.<\/u>\u00a0 \u00a0 \u00a0 \u00a0<\/li><\/ol><\/li><\/ol><p>\u00a0 \u00a0 \u00a0 \u00a0 \u00a0 \u00a0 \u00a0 \u00a0 \u00a0 \u00a0 \u00a0 \u00a0 \u00a0 \u00a0 \u00a0 \u00a0 \u00a0 \u00a0 \u00a0 \u00a0 \u00a0 \u00a0 \u00a0 \u00a0 \u00a0 \u00a0 \u00a0 \u00a0 \u00a0 \u00a0 \u00a0 \u00a0 \u00a0 \u00a0 \u00a0RELLENAR SOBRE DE MATR\u00cdCULA ESO<span style=\"font-size: 15px;\">\u00a0 \u00a0 \u00a0 \u00a0 \u00a0 \u00a0 \u00a0 \u00a0 \u00a0 \u00a0 \u00a0 \u00a0 \u00a0 \u00a0 \u00a0 \u00a0 \u00a0 \u00a0 \u00a0 \u00a0 \u00a0 \u00a0 \u00a0 \u00a0 \u00a0 \u00a0 \u00a0\u00a0<\/span><\/p><p style=\"font-variant-ligatures: normal; font-variant-caps: normal; font-family: Roboto, sans-serif; font-size: 15px; font-style: normal; font-weight: 400; background-color: #f6fbff;\"><span style=\"font-size: 15px; font-weight: 600;\">C\u00f3mo solicitar la clave iANDE, para poder identificarme en el proceso de matriculaci\u00f3n:<\/span><\/p><ul><li style=\"list-style-type: none;\"><ul><li style=\"font-size: 15px;\"><u style=\"font-size: 15px;\"><span style=\"font-size: 15px; font-weight: 600;\">NO\u00a0<\/span>eres alumno\/a del sistema educativo andaluz<\/u> en el presente curso, <span style=\"font-size: 15px; font-weight: 600;\">debes solicitar tu\u00a0clave iANDe\u00a0 en cualquier Centro Educativo.<\/span><\/li><li style=\"font-size: 15px;\"><u style=\"font-size: 15px;\"><span style=\"font-size: 15px; font-weight: 600;\">SI<\/span>\u00a0ya eres alumno\/a<\/u>,\u00a0<span style=\"font-size: 15px; font-weight: 600;\">habr\u00e1s recibido tu clave iANDE\u00a0<\/span>v\u00eda iPASEN, por lo que\u00a0<span style=\"font-size: 15px; font-weight: 600;\">no tienes que solicitarla<\/span>. En caso de no tenerla, solic\u00edtala en tu centro educativo .<br \/><h3 style=\"margin-bottom: 0px; font-variant-ligatures: normal; font-variant-caps: normal; line-height: 24px; font-family: open_sansregular, Verdana, Geneva, sans-serif; font-size: 16px; font-style: normal; color: #575555; background-color: #ffffff;\">\u00a0<\/h3><\/li><\/ul><\/li><li><strong style=\"font-size: 15px;\"><strong>Matr\u00edcula Presencialmente: <\/strong><strong>(No recomendado)<\/strong>\u00a0<\/strong><ol><li><u>Deber\u00e1 retirar el sobre de matr\u00edcula\u00a0<\/u>en la conserjer\u00eda del instituto, a partir\u00a0del 25 de junio.<\/li><li><u>Cumplimentar<\/u>, en casa, todos los apartados del sobre de matr\u00edcula, impreso de matricula, y dem\u00e1s documentaci\u00f3n.\u00a0\u00a0<\/li><li>Deber\u00e1 acudir al centro y\u00a0<u>presentar el sobre de matricula en la secretar\u00eda del centro<\/u>,\u00a0<\/li><\/ol><\/li><\/ul><p>\u00a0 \u00a0 \u00a0 \u00a0 Para evitar aglomeraciones, los d\u00edas habilitados\u00a0para la matr\u00edcula presencial ser\u00e1n:<\/p><ul><li style=\"list-style-type: none;\"><ul><li><span style=\"color: #ff0000;\">1, 2 julio&#8230;&#8230;&#8230;&#8230;..1\u00ba ESO \/ 2\u00ba ESO<\/span><\/li><li><span style=\"color: #ff0000;\">3, 4 julio&#8230;&#8230;&#8230;&#8230;. 3\u00ba ESO \/4\u00ba ESO<\/span><\/li><\/ul><\/li><\/ul><\/div>\n\t\t\t\t<\/div>\n\t\t\t\t\t\t\t\t<\/div>\n\t\t\t\t\t\t<\/div>\n\t\t\t\t<\/div>\n\t\t\t\t\t<\/div>\n\t\t<\/div>\n\t\t\t\t\t<\/div>\n\t\t<\/section>\n\t\t\t\t<section class=\"elementor-section elementor-top-section elementor-element elementor-element-d73b7ef elementor-section-boxed elementor-section-height-default elementor-section-height-default\" data-id=\"d73b7ef\" data-element_type=\"section\" data-e-type=\"section\">\n\t\t\t\t\t\t<div class=\"elementor-container elementor-column-gap-default\">\n\t\t\t\t\t<div class=\"elementor-column elementor-col-100 elementor-top-column elementor-element elementor-element-4c54479\" data-id=\"4c54479\" data-element_type=\"column\" data-e-type=\"column\">\n\t\t\t<div class=\"elementor-widget-wrap elementor-element-populated\">\n\t\t\t\t\t\t<div class=\"elementor-element elementor-element-dbf9e48 elementor-widget-divider--view-line_text elementor-widget-divider--element-align-center elementor-widget elementor-widget-divider\" data-id=\"dbf9e48\" data-element_type=\"widget\" data-e-type=\"widget\" data-widget_type=\"divider.default\">\n\t\t\t\t<div class=\"elementor-widget-container\">\n\t\t\t\t\t\t\t<div class=\"elementor-divider\">\n\t\t\t<span class=\"elementor-divider-separator\">\n\t\t\t\t\t\t\t<span class=\"elementor-divider__text elementor-divider__element\">\n\t\t\t\tALUMNADO DEL CENTRO\t\t\t\t<\/span>\n\t\t\t\t\t\t<\/span>\n\t\t<\/div>\n\t\t\t\t\t\t<\/div>\n\t\t\t\t<\/div>\n\t\t\t\t\t<\/div>\n\t\t<\/div>\n\t\t\t\t\t<\/div>\n\t\t<\/section>\n\t\t\t\t<section class=\"elementor-section elementor-top-section elementor-element elementor-element-1059a41 elementor-section-boxed elementor-section-height-default elementor-section-height-default\" data-id=\"1059a41\" data-element_type=\"section\" data-e-type=\"section\">\n\t\t\t\t\t\t<div class=\"elementor-container elementor-column-gap-default\">\n\t\t\t\t\t<div class=\"elementor-column elementor-col-100 elementor-top-column elementor-element elementor-element-842a370\" data-id=\"842a370\" data-element_type=\"column\" data-e-type=\"column\">\n\t\t\t<div class=\"elementor-widget-wrap elementor-element-populated\">\n\t\t\t\t\t\t<div class=\"elementor-element elementor-element-b78dca4 elementor-widget elementor-widget-toggle\" data-id=\"b78dca4\" data-element_type=\"widget\" data-e-type=\"widget\" data-widget_type=\"toggle.default\">\n\t\t\t\t<div class=\"elementor-widget-container\">\n\t\t\t\t\t\t\t<div class=\"elementor-toggle\">\n\t\t\t\t\t\t\t<div class=\"elementor-toggle-item\">\n\t\t\t\t\t<div id=\"elementor-tab-title-1921\" class=\"elementor-tab-title\" data-tab=\"1\" role=\"button\" aria-controls=\"elementor-tab-content-1921\" aria-expanded=\"false\">\n\t\t\t\t\t\t\t\t\t\t\t\t<span class=\"elementor-toggle-icon elementor-toggle-icon-left\" aria-hidden=\"true\">\n\t\t\t\t\t\t\t\t\t\t\t\t\t\t\t<span class=\"elementor-toggle-icon-closed\"><i class=\"fas fa-caret-right\"><\/i><\/span>\n\t\t\t\t\t\t\t\t<span class=\"elementor-toggle-icon-opened\"><i class=\"elementor-toggle-icon-opened fas fa-caret-up\"><\/i><\/span>\n\t\t\t\t\t\t\t\t\t\t\t\t\t<\/span>\n\t\t\t\t\t\t\t\t\t\t\t\t<a class=\"elementor-toggle-title\" tabindex=\"0\">INSTRUCCIONES (EXCEPTO ALUMNADO DE NUEVO INGRESO)<\/a>\n\t\t\t\t\t<\/div>\n\n\t\t\t\t\t<div id=\"elementor-tab-content-1921\" class=\"elementor-tab-content elementor-clearfix\" data-tab=\"1\" role=\"region\" aria-labelledby=\"elementor-tab-title-1921\"><ul><li>Todo el alumnado debe matricularse del 1 al 10 de julio\u00a0 en el siguiente curso, si ha promocionado, o en el mismo curso si es que repite.<\/li><\/ul><\/div>\n\t\t\t\t<\/div>\n\t\t\t\t\t\t\t<div class=\"elementor-toggle-item\">\n\t\t\t\t\t<div id=\"elementor-tab-title-1922\" class=\"elementor-tab-title\" data-tab=\"2\" role=\"button\" aria-controls=\"elementor-tab-content-1922\" aria-expanded=\"false\">\n\t\t\t\t\t\t\t\t\t\t\t\t<span class=\"elementor-toggle-icon elementor-toggle-icon-left\" aria-hidden=\"true\">\n\t\t\t\t\t\t\t\t\t\t\t\t\t\t\t<span class=\"elementor-toggle-icon-closed\"><i class=\"fas fa-caret-right\"><\/i><\/span>\n\t\t\t\t\t\t\t\t<span class=\"elementor-toggle-icon-opened\"><i class=\"elementor-toggle-icon-opened fas fa-caret-up\"><\/i><\/span>\n\t\t\t\t\t\t\t\t\t\t\t\t\t<\/span>\n\t\t\t\t\t\t\t\t\t\t\t\t<a class=\"elementor-toggle-title\" tabindex=\"0\">C\u00d3MO MATRICULARSE <\/a>\n\t\t\t\t\t<\/div>\n\n\t\t\t\t\t<div id=\"elementor-tab-content-1922\" class=\"elementor-tab-content elementor-clearfix\" data-tab=\"2\" role=\"region\" aria-labelledby=\"elementor-tab-title-1922\"><div><ul style=\"font-variant-ligatures: normal; font-variant-caps: normal; font-family: Roboto, sans-serif; font-size: 15px; font-style: normal; font-weight: 400;\"><li style=\"font-size: 15px;\"><span style=\"font-size: 15px; font-weight: 600;\">Matr\u00edcula Telem\u00e1tica:<\/span><span style=\"font-size: 15px; font-weight: 600;\">(Recomendada)<\/span><ul><li style=\"list-style-type: none;\"><ul style=\"font-variant-ligatures: normal; font-variant-caps: normal; font-family: Roboto, sans-serif; font-size: 15px; font-style: normal; font-weight: 400;\"><li><span style=\"color: #ff0000;\">Instrucciones para rellenar el Sobre de Matr\u00edcula por Secretar\u00eda Virtual<\/span><br \/><ul style=\"font-variant-ligatures: normal; font-variant-caps: normal; font-family: Roboto, sans-serif; font-size: 15px; font-style: normal; font-weight: 400;\"><li><span style=\"color: #0000ff;\"><a style=\"color: #0000ff;\" href=\"https:\/\/www.iessansebastian.com\/web\/wp-content\/uploads\/2024\/06\/InformacionSobre1oESO-24_25.pdf\">1\u00ba ESO<\/a><\/span><\/li><li><span style=\"color: #0000ff;\"><a style=\"color: #0000ff;\" href=\"https:\/\/www.iessansebastian.com\/web\/wp-content\/uploads\/2024\/06\/InformacionSobre2oESO-24_25.pdf\">2\u00ba ESO<\/a><\/span><\/li><li><a href=\"https:\/\/www.iessansebastian.com\/web\/wp-content\/uploads\/2024\/06\/InformacionSobre-3oESO-24_25.pdf\"><span style=\"color: #0000ff;\">3\u00ba ESO<\/span><\/a><\/li><li><a href=\"https:\/\/www.iessansebastian.com\/web\/wp-content\/uploads\/2024\/06\/InformacionSobre-4oESO-24_25.pdf\"><span style=\"color: #0000ff;\">4\u00ba ESO<\/span><\/a><\/li><\/ul><\/li><\/ul><\/li><\/ul><\/li><\/ul><ol style=\"font-variant-ligatures: normal; font-variant-caps: normal; font-family: Roboto, sans-serif; font-size: 15px; font-style: normal; font-weight: 400;\"><li style=\"font-size: 15px; list-style-type: none;\"><ol style=\"font-size: 15px;\"><li style=\"font-size: 15px;\">Deber\u00e1 acceder al sobre de matr\u00edcula electr\u00f3nica disponible en la Secretar\u00eda Virtual de la Junta de Andaluc\u00eda (el enlace estar\u00e1 habilitado del 1 al 10 de julio)\u00a0<\/li><li style=\"font-size: 15px;\">Deber\u00e1\u00a0<u style=\"font-size: 15px;\">identificarse mediante clave iANDE\u00a0<\/u>del alumno\/a.\u00a0 En caso de\u00a0 no disponer de ella, solic\u00edtala en la Secretar\u00eda del Instituto<\/li><li style=\"font-size: 15px;\"><u style=\"font-size: 15px;\">Rellenar\u00a0<\/u>todos los apartados de la matr\u00edcula y dem\u00e1s documentaci\u00f3n, y una vez finalizado, est\u00e1 quedar\u00e1\u00a0<u style=\"font-size: 15px;\">presentada sin necesidad de acudir al instituto.<\/u>\u00a0 \u00a0 \u00a0 \u00a0<\/li><\/ol><\/li><\/ol><p style=\"font-variant-ligatures: normal; font-variant-caps: normal; font-family: Roboto, sans-serif; font-size: 15px; font-style: normal; font-weight: 400;\">\u00a0 \u00a0 \u00a0 \u00a0 \u00a0 \u00a0 \u00a0 \u00a0 \u00a0 \u00a0 \u00a0 \u00a0 \u00a0 \u00a0 \u00a0 \u00a0 \u00a0 \u00a0 \u00a0 \u00a0 \u00a0 \u00a0 \u00a0 \u00a0 \u00a0 \u00a0 \u00a0 \u00a0 \u00a0 \u00a0 \u00a0 \u00a0 \u00a0 \u00a0 \u00a0RELLENAR SOBRE DE MATR\u00cdCULA ESO<span style=\"font-size: 15px;\">\u00a0 \u00a0 \u00a0 \u00a0 \u00a0 \u00a0 \u00a0 \u00a0 \u00a0 \u00a0 \u00a0 \u00a0 \u00a0 \u00a0 \u00a0 \u00a0 \u00a0 \u00a0 \u00a0 \u00a0 \u00a0 \u00a0 \u00a0 \u00a0 \u00a0 \u00a0<\/span><\/p><ul style=\"font-variant-ligatures: normal; font-variant-caps: normal; font-family: Roboto, sans-serif; font-size: 15px; font-style: normal; font-weight: 400;\"><li style=\"font-size: 15px;\"><span style=\"font-size: 15px; font-weight: 600;\"><span style=\"font-size: 15px; font-weight: 600;\">Matr\u00edcula Presencialmente:\u00a0<\/span><span style=\"font-size: 15px; font-weight: 600;\">(No recomendado)<\/span>\u00a0<\/span><br \/><ol style=\"font-size: 15px;\"><li style=\"font-size: 15px;\"><u style=\"font-size: 15px;\">Deber\u00e1 retirar el sobre de matr\u00edcula\u00a0<\/u>en la conserjer\u00eda del instituto, a partir\u00a0del 25 de junio.<\/li><li style=\"font-size: 15px;\"><u style=\"font-size: 15px;\">Cumplimentar<\/u>, en casa, todos los apartados del sobre de matr\u00edcula, impreso de matricula, y dem\u00e1s documentaci\u00f3n.\u00a0\u00a0<\/li><li style=\"font-size: 15px;\">Deber\u00e1 acudir al centro y\u00a0<u style=\"font-size: 15px;\">presentar el sobre de matricula en la secretar\u00eda del centro<\/u>,\u00a0<\/li><\/ol><\/li><\/ul><p style=\"font-variant-ligatures: normal; font-variant-caps: normal; font-family: Roboto, sans-serif; font-size: 15px; font-style: normal; font-weight: 400;\">\u00a0 \u00a0 \u00a0 \u00a0 Para evitar aglomeraciones, los d\u00edas habilitados\u00a0para la matr\u00edcula presencial ser\u00e1n:<\/p><ul style=\"font-variant-ligatures: normal; font-variant-caps: normal; font-family: Roboto, sans-serif; font-size: 15px; font-style: normal; font-weight: 400;\"><li style=\"font-size: 15px; list-style-type: none;\"><ul style=\"font-size: 15px;\"><li style=\"font-size: 15px;\"><span style=\"color: #ff0000;\">1, 2, julio&#8230;&#8230;&#8230;&#8230;..1\u00ba ESO \/ 2\u00ba ESO<\/span><\/li><li style=\"font-size: 15px;\"><span style=\"color: #ff0000;\">3, 4 julio&#8230;&#8230;&#8230;&#8230;. 3\u00ba ESO \/4\u00ba ESO<\/span><\/li><\/ul><\/li><\/ul><\/div><ul style=\"font-weight: 400; font-variant-caps: normal; font-variant-ligatures: normal; font-style: normal; font-size: 15px; font-family: Roboto, sans-serif;\"><li style=\"list-style-type: none;\"><ul style=\"font-variant-ligatures: normal; font-variant-caps: normal; font-family: Roboto, sans-serif; font-size: 15px; font-style: normal; font-weight: 400;\"><li style=\"font-size: 15px; list-style-type: none;\">\u00a0<\/li><\/ul><\/li><li style=\"list-style-type: none;\">\u00a0<\/li><\/ul><ul><li style=\"list-style-type: none;\">\u00a0<\/li><\/ul><\/div>\n\t\t\t\t<\/div>\n\t\t\t\t\t\t\t\t<\/div>\n\t\t\t\t\t\t<\/div>\n\t\t\t\t<\/div>\n\t\t\t\t\t<\/div>\n\t\t<\/div>\n\t\t\t\t\t<\/div>\n\t\t<\/section>\n\t\t\t\t<\/div>\n\t\t","protected":false},"excerpt":{"rendered":"<p>ALUMNADO DE NUEVO INGRESO (UNA VEZ ADMITIDO) C\u00d3MO MATRICULARSE Matr\u00edcula Telem\u00e1tica:(Recomendada) Instrucciones para rellenar el Sobre de Matr\u00edcula por Secretar\u00eda Virtual 1\u00ba ESO 2\u00ba ESO 3\u00ba ESO 4\u00ba ESO Deber\u00e1 [&hellip;]<\/p>\n","protected":false},"author":1,"featured_media":0,"parent":0,"menu_order":0,"comment_status":"closed","ping_status":"closed","template":"","meta":{"ocean_post_layout":"","ocean_both_sidebars_style":"","ocean_both_sidebars_content_width":0,"ocean_both_sidebars_sidebars_width":0,"ocean_sidebar":"0","ocean_second_sidebar":"0","ocean_disable_margins":"on","ocean_add_body_class":"","ocean_shortcode_before_top_bar":"","ocean_shortcode_after_top_bar":"","ocean_shortcode_before_header":"","ocean_shortcode_after_header":"","ocean_has_shortcode":"","ocean_shortcode_after_title":"","ocean_shortcode_before_footer_widgets":"","ocean_shortcode_after_footer_widgets":"","ocean_shortcode_before_footer_bottom":"","ocean_shortcode_after_footer_bottom":"","ocean_display_top_bar":"default","ocean_display_header":"default","ocean_header_style":"","ocean_center_header_left_menu":"0","ocean_custom_header_template":"0","ocean_custom_logo":0,"ocean_custom_retina_logo":0,"ocean_custom_logo_max_width":0,"ocean_custom_logo_tablet_max_width":0,"ocean_custom_logo_mobile_max_width":0,"ocean_custom_logo_max_height":0,"ocean_custom_logo_tablet_max_height":0,"ocean_custom_logo_mobile_max_height":0,"ocean_header_custom_menu":"0","ocean_menu_typo_font_family":"0","ocean_menu_typo_font_subset":"","ocean_menu_typo_font_size":0,"ocean_menu_typo_font_size_tablet":0,"ocean_menu_typo_font_size_mobile":0,"ocean_menu_typo_font_size_unit":"px","ocean_menu_typo_font_weight":"","ocean_menu_typo_font_weight_tablet":"","ocean_menu_typo_font_weight_mobile":"","ocean_menu_typo_transform":"","ocean_menu_typo_transform_tablet":"","ocean_menu_typo_transform_mobile":"","ocean_menu_typo_line_height":0,"ocean_menu_typo_line_height_tablet":0,"ocean_menu_typo_line_height_mobile":0,"ocean_menu_typo_line_height_unit":"","ocean_menu_typo_spacing":0,"ocean_menu_typo_spacing_tablet":0,"ocean_menu_typo_spacing_mobile":0,"ocean_menu_typo_spacing_unit":"","ocean_menu_link_color":"","ocean_menu_link_color_hover":"","ocean_menu_link_color_active":"","ocean_menu_link_background":"","ocean_menu_link_hover_background":"","ocean_menu_link_active_background":"","ocean_menu_social_links_bg":"","ocean_menu_social_hover_links_bg":"","ocean_menu_social_links_color":"","ocean_menu_social_hover_links_color":"","ocean_disable_title":"on","ocean_disable_heading":"default","ocean_post_title":"","ocean_post_subheading":"","ocean_post_title_style":"","ocean_post_title_background_color":"","ocean_post_title_background":0,"ocean_post_title_bg_image_position":"","ocean_post_title_bg_image_attachment":"","ocean_post_title_bg_image_repeat":"","ocean_post_title_bg_image_size":"","ocean_post_title_height":0,"ocean_post_title_bg_overlay":0.5,"ocean_post_title_bg_overlay_color":"","ocean_disable_breadcrumbs":"default","ocean_breadcrumbs_color":"","ocean_breadcrumbs_separator_color":"","ocean_breadcrumbs_links_color":"","ocean_breadcrumbs_links_hover_color":"","ocean_display_footer_widgets":"default","ocean_display_footer_bottom":"default","ocean_custom_footer_template":"0","footnotes":""},"class_list":["post-339","page","type-page","status-publish","hentry","entry"],"_links":{"self":[{"href":"https:\/\/www.iessansebastian.com\/web\/wp-json\/wp\/v2\/pages\/339","targetHints":{"allow":["GET"]}}],"collection":[{"href":"https:\/\/www.iessansebastian.com\/web\/wp-json\/wp\/v2\/pages"}],"about":[{"href":"https:\/\/www.iessansebastian.com\/web\/wp-json\/wp\/v2\/types\/page"}],"author":[{"embeddable":true,"href":"https:\/\/www.iessansebastian.com\/web\/wp-json\/wp\/v2\/users\/1"}],"replies":[{"embeddable":true,"href":"https:\/\/www.iessansebastian.com\/web\/wp-json\/wp\/v2\/comments?post=339"}],"version-history":[{"count":125,"href":"https:\/\/www.iessansebastian.com\/web\/wp-json\/wp\/v2\/pages\/339\/revisions"}],"predecessor-version":[{"id":10557,"href":"https:\/\/www.iessansebastian.com\/web\/wp-json\/wp\/v2\/pages\/339\/revisions\/10557"}],"wp:attachment":[{"href":"https:\/\/www.iessansebastian.com\/web\/wp-json\/wp\/v2\/media?parent=339"}],"curies":[{"name":"wp","href":"https:\/\/api.w.org\/{rel}","templated":true}]}}