{"id":341,"date":"2021-07-08T08:44:36","date_gmt":"2021-07-08T08:44:36","guid":{"rendered":"http:\/\/sansebastian.sietepuntosiete.es\/?page_id=341"},"modified":"2025-06-30T17:13:27","modified_gmt":"2025-06-30T15:13:27","slug":"matricula-bachillerato","status":"publish","type":"page","link":"https:\/\/www.iessansebastian.com\/web\/matricula-bachillerato\/","title":{"rendered":"MATR\u00cdCULA BACHILLERATO"},"content":{"rendered":"\t\t<div data-elementor-type=\"wp-page\" data-elementor-id=\"341\" class=\"elementor elementor-341\">\n\t\t\t\t\t\t<section class=\"elementor-section elementor-top-section elementor-element elementor-element-a1c3c72 elementor-section-boxed elementor-section-height-default elementor-section-height-default\" data-id=\"a1c3c72\" data-element_type=\"section\" data-e-type=\"section\">\n\t\t\t\t\t\t<div class=\"elementor-container elementor-column-gap-default\">\n\t\t\t\t\t<div class=\"elementor-column elementor-col-100 elementor-top-column elementor-element elementor-element-7c2c456\" data-id=\"7c2c456\" data-element_type=\"column\" data-e-type=\"column\">\n\t\t\t<div class=\"elementor-widget-wrap elementor-element-populated\">\n\t\t\t\t\t\t<div class=\"elementor-element elementor-element-273a2df elementor-widget elementor-widget-image\" data-id=\"273a2df\" data-element_type=\"widget\" data-e-type=\"widget\" data-widget_type=\"image.default\">\n\t\t\t\t<div class=\"elementor-widget-container\">\n\t\t\t\t\t\t\t\t\t\t\t\t\t\t\t<img fetchpriority=\"high\" decoding=\"async\" width=\"524\" height=\"150\" src=\"https:\/\/www.iessansebastian.com\/web\/wp-content\/uploads\/2021\/07\/bachillerato.png\" class=\"attachment-large size-large wp-image-1151\" alt=\"\" srcset=\"https:\/\/www.iessansebastian.com\/web\/wp-content\/uploads\/2021\/07\/bachillerato.png 524w, https:\/\/www.iessansebastian.com\/web\/wp-content\/uploads\/2021\/07\/bachillerato-300x86.png 300w\" sizes=\"(max-width: 524px) 100vw, 524px\" \/>\t\t\t\t\t\t\t\t\t\t\t\t\t\t\t<\/div>\n\t\t\t\t<\/div>\n\t\t\t\t\t<\/div>\n\t\t<\/div>\n\t\t\t\t\t<\/div>\n\t\t<\/section>\n\t\t\t\t<section class=\"elementor-section elementor-top-section elementor-element elementor-element-d378fe5 elementor-section-boxed elementor-section-height-default elementor-section-height-default\" data-id=\"d378fe5\" data-element_type=\"section\" data-e-type=\"section\">\n\t\t\t\t\t\t<div class=\"elementor-container elementor-column-gap-default\">\n\t\t\t\t\t<div class=\"elementor-column elementor-col-100 elementor-top-column elementor-element elementor-element-82e1f71\" data-id=\"82e1f71\" data-element_type=\"column\" data-e-type=\"column\">\n\t\t\t<div class=\"elementor-widget-wrap elementor-element-populated\">\n\t\t\t\t\t\t<div class=\"elementor-element elementor-element-6745166 elementor-widget-divider--view-line_text elementor-widget-divider--element-align-center elementor-widget elementor-widget-divider\" data-id=\"6745166\" data-element_type=\"widget\" data-e-type=\"widget\" data-widget_type=\"divider.default\">\n\t\t\t\t<div class=\"elementor-widget-container\">\n\t\t\t\t\t\t\t<div class=\"elementor-divider\">\n\t\t\t<span class=\"elementor-divider-separator\">\n\t\t\t\t\t\t\t<span class=\"elementor-divider__text elementor-divider__element\">\n\t\t\t\tALUMNADO DE NUEVO INGRESO (UNA VEZ ADMITIDO)\t\t\t\t<\/span>\n\t\t\t\t\t\t<\/span>\n\t\t<\/div>\n\t\t\t\t\t\t<\/div>\n\t\t\t\t<\/div>\n\t\t\t\t\t<\/div>\n\t\t<\/div>\n\t\t\t\t\t<\/div>\n\t\t<\/section>\n\t\t\t\t<section class=\"elementor-section elementor-top-section elementor-element elementor-element-50050b9 elementor-section-boxed elementor-section-height-default elementor-section-height-default\" data-id=\"50050b9\" data-element_type=\"section\" data-e-type=\"section\">\n\t\t\t\t\t\t<div class=\"elementor-container elementor-column-gap-default\">\n\t\t\t\t\t<div class=\"elementor-column elementor-col-100 elementor-top-column elementor-element elementor-element-0cab954\" data-id=\"0cab954\" data-element_type=\"column\" data-e-type=\"column\">\n\t\t\t<div class=\"elementor-widget-wrap elementor-element-populated\">\n\t\t\t\t\t\t<div class=\"elementor-element elementor-element-6f49fa6 elementor-widget elementor-widget-toggle\" data-id=\"6f49fa6\" data-element_type=\"widget\" data-e-type=\"widget\" data-widget_type=\"toggle.default\">\n\t\t\t\t<div class=\"elementor-widget-container\">\n\t\t\t\t\t\t\t<div class=\"elementor-toggle\">\n\t\t\t\t\t\t\t<div class=\"elementor-toggle-item\">\n\t\t\t\t\t<div id=\"elementor-tab-title-1161\" class=\"elementor-tab-title\" data-tab=\"1\" role=\"button\" aria-controls=\"elementor-tab-content-1161\" aria-expanded=\"false\">\n\t\t\t\t\t\t\t\t\t\t\t\t<span class=\"elementor-toggle-icon elementor-toggle-icon-left\" aria-hidden=\"true\">\n\t\t\t\t\t\t\t\t\t\t\t\t\t\t\t<span class=\"elementor-toggle-icon-closed\"><i class=\"fas fa-caret-right\"><\/i><\/span>\n\t\t\t\t\t\t\t\t<span class=\"elementor-toggle-icon-opened\"><i class=\"elementor-toggle-icon-opened fas fa-caret-up\"><\/i><\/span>\n\t\t\t\t\t\t\t\t\t\t\t\t\t<\/span>\n\t\t\t\t\t\t\t\t\t\t\t\t<a class=\"elementor-toggle-title\" tabindex=\"0\">C\u00d3MO MATRICULARSE <\/a>\n\t\t\t\t\t<\/div>\n\n\t\t\t\t\t<div id=\"elementor-tab-content-1161\" class=\"elementor-tab-content elementor-clearfix\" data-tab=\"1\" role=\"region\" aria-labelledby=\"elementor-tab-title-1161\"><ul><li><strong>Matr\u00edcula Telem\u00e1tica:<\/strong><strong>(Recomendada)<\/strong><ul><li><a href=\"https:\/\/www.iessansebastian.com\/web\/wp-content\/uploads\/2024\/06\/BACHILLERATO-DIURNO-INSTRUCCIONES-1.pdf\"><span style=\"color: #ff0000;\">Instrucciones para rellenar el Sobre de Matr\u00edcula por Secretar\u00eda Virtual<\/span><\/a><\/li><\/ul><\/li><\/ul><ol><li style=\"list-style-type: none;\"><ol><li>Deber\u00e1 acceder al sobre de matr\u00edcula electr\u00f3nica\u00a0disponible en la Secretar\u00eda Virtual de la Junta de Andaluc\u00eda (el enlace estar\u00e1 habilitado del 1 al 10 de julio)\u00a0<\/li><li>Deber\u00e1\u00a0<u>identificarse mediante la clave iANDE\u00a0<\/u>del alumno\/a.\u00a0<\/li><li><u>Rellenar t<\/u>odos los apartados de la matr\u00edcula y dem\u00e1s documentos, y una vez finalizado, est\u00e1 quedar\u00e1\u00a0<u>presentada sin necesidad de acudir al instituto<\/u>.<\/li><\/ol><\/li><\/ol><p>\u00a0 \u00a0 \u00a0 \u00a0 \u00a0 \u00a0 \u00a0 \u00a0 \u00a0 \u00a0 \u00a0 \u00a0 \u00a0 \u00a0 \u00a0 \u00a0 \u00a0 \u00a0\u00a0<a href=\"https:\/\/www.juntadeandalucia.es\/educacion\/secretariavirtual\/accesoTramite\/486\/\" target=\"_blank\" rel=\"noopener\">RELLERNAR SOBRE MATR\u00cdCULA\u00a0BACHILLERATO<\/a><\/p><p style=\"font-variant-ligatures: normal; font-variant-caps: normal; font-family: Roboto, sans-serif; font-size: 15px; font-style: normal; font-weight: 400; background-color: #f6fbff; padding-left: 80px;\"><span style=\"font-size: 15px; font-weight: 600;\">C\u00f3mo solicitar la clave iANDE, para poder identificarme en el proceso de matriculaci\u00f3n:<\/span><\/p><ul><li style=\"list-style-type: none;\"><ul><li style=\"list-style-type: none;\"><ul style=\"font-size: 15px;\"><li style=\"font-size: 15px;\"><u style=\"font-size: 15px;\"><span style=\"font-size: 15px; font-weight: 600;\">NO\u00a0<\/span>eres alumno\/a del sistema educativo andaluz<\/u> en el presente curso, <span style=\"font-size: 15px; font-weight: 600;\">debes solicitar tu\u00a0clave iANDe\u00a0 en cualquier Centro Educativo.<\/span><\/li><li style=\"font-size: 15px;\"><u style=\"font-size: 15px;\"><span style=\"font-size: 15px; font-weight: 600;\">SI<\/span>\u00a0ya eres alumno\/a<\/u>,\u00a0<span style=\"font-size: 15px; font-weight: 600;\">habr\u00e1s recibido tu clave iANDE\u00a0<\/span>v\u00eda iPASEN, por lo que\u00a0<span style=\"font-size: 15px; font-weight: 600;\">no tienes que solicitarla<\/span>.<\/li><\/ul><\/li><\/ul><\/li><li><strong><strong>Matr\u00edcula Presencialmente: <\/strong><strong>(No recomendado)<\/strong>\u00a0<\/strong><ul><li><u style=\"font-size: 15px;\">Deber\u00e1 retirar el sobre de matr\u00edcula\u00a0<\/u><span style=\"font-size: 15px;\">en la conserjer\u00eda del instituto, a partir\u00a0del 25 de junio.<\/span><\/li><li><u style=\"font-size: 15px;\">Cumplimentar<\/u><span style=\"font-size: 15px;\">, en casa, todos los apartados del sobre de matr\u00edcula, impreso de matricula, y dem\u00e1s documentaci\u00f3n.\u00a0\u00a0<\/span><\/li><li><span style=\"font-size: 15px;\">Deber\u00e1 acudir al centro y\u00a0<\/span><u style=\"font-size: 15px;\">presentar el sobre de matricula en la secretar\u00eda del centro<\/u><span style=\"font-size: 15px;\">,<\/span><\/li><\/ul><\/li><\/ul><p style=\"font-variant-ligatures: normal; font-variant-caps: normal; font-family: Roboto, sans-serif; font-size: 15px; font-style: normal; font-weight: 400;\">Para evitar aglomeraciones, los d\u00edas habilitados\u00a0para la matr\u00edcula presencial ser\u00e1n:<\/p><ul><li style=\"list-style-type: none;\"><ul><li><span style=\"font-size: 15px; color: #ff0000;\">7, 8, 9, 10 julio&#8230;&#8230;&#8230;Bachillerato Diurno<\/span><\/li><\/ul><\/li><\/ul><\/div>\n\t\t\t\t<\/div>\n\t\t\t\t\t\t\t\t<\/div>\n\t\t\t\t\t\t<\/div>\n\t\t\t\t<\/div>\n\t\t\t\t\t<\/div>\n\t\t<\/div>\n\t\t\t\t\t<\/div>\n\t\t<\/section>\n\t\t\t\t<section class=\"elementor-section elementor-top-section elementor-element elementor-element-b0bae40 elementor-section-boxed elementor-section-height-default elementor-section-height-default\" data-id=\"b0bae40\" data-element_type=\"section\" data-e-type=\"section\">\n\t\t\t\t\t\t<div class=\"elementor-container elementor-column-gap-default\">\n\t\t\t\t\t<div class=\"elementor-column elementor-col-100 elementor-top-column elementor-element elementor-element-b848d7d\" data-id=\"b848d7d\" data-element_type=\"column\" data-e-type=\"column\">\n\t\t\t<div class=\"elementor-widget-wrap elementor-element-populated\">\n\t\t\t\t\t\t<div class=\"elementor-element elementor-element-947cf33 elementor-widget-divider--view-line_text elementor-widget-divider--element-align-center elementor-widget elementor-widget-divider\" data-id=\"947cf33\" data-element_type=\"widget\" data-e-type=\"widget\" data-widget_type=\"divider.default\">\n\t\t\t\t<div class=\"elementor-widget-container\">\n\t\t\t\t\t\t\t<div class=\"elementor-divider\">\n\t\t\t<span class=\"elementor-divider-separator\">\n\t\t\t\t\t\t\t<span class=\"elementor-divider__text elementor-divider__element\">\n\t\t\t\tALUMNADO DEL CENTRO\t\t\t\t<\/span>\n\t\t\t\t\t\t<\/span>\n\t\t<\/div>\n\t\t\t\t\t\t<\/div>\n\t\t\t\t<\/div>\n\t\t\t\t\t<\/div>\n\t\t<\/div>\n\t\t\t\t\t<\/div>\n\t\t<\/section>\n\t\t\t\t<section class=\"elementor-section elementor-top-section elementor-element elementor-element-1658282 elementor-section-boxed elementor-section-height-default elementor-section-height-default\" data-id=\"1658282\" data-element_type=\"section\" data-e-type=\"section\">\n\t\t\t\t\t\t<div class=\"elementor-container elementor-column-gap-default\">\n\t\t\t\t\t<div class=\"elementor-column elementor-col-100 elementor-top-column elementor-element elementor-element-8fc4de1\" data-id=\"8fc4de1\" data-element_type=\"column\" data-e-type=\"column\">\n\t\t\t<div class=\"elementor-widget-wrap elementor-element-populated\">\n\t\t\t\t\t\t<div class=\"elementor-element elementor-element-43803bb elementor-widget elementor-widget-toggle\" data-id=\"43803bb\" data-element_type=\"widget\" data-e-type=\"widget\" data-widget_type=\"toggle.default\">\n\t\t\t\t<div class=\"elementor-widget-container\">\n\t\t\t\t\t\t\t<div class=\"elementor-toggle\">\n\t\t\t\t\t\t\t<div class=\"elementor-toggle-item\">\n\t\t\t\t\t<div id=\"elementor-tab-title-7071\" class=\"elementor-tab-title\" data-tab=\"1\" role=\"button\" aria-controls=\"elementor-tab-content-7071\" aria-expanded=\"false\">\n\t\t\t\t\t\t\t\t\t\t\t\t<span class=\"elementor-toggle-icon elementor-toggle-icon-left\" aria-hidden=\"true\">\n\t\t\t\t\t\t\t\t\t\t\t\t\t\t\t<span class=\"elementor-toggle-icon-closed\"><i class=\"fas fa-caret-right\"><\/i><\/span>\n\t\t\t\t\t\t\t\t<span class=\"elementor-toggle-icon-opened\"><i class=\"elementor-toggle-icon-opened fas fa-caret-up\"><\/i><\/span>\n\t\t\t\t\t\t\t\t\t\t\t\t\t<\/span>\n\t\t\t\t\t\t\t\t\t\t\t\t<a class=\"elementor-toggle-title\" tabindex=\"0\">INSTRUCCIONES (EXCEPTO ALUMNADO DE NUEVO INGRESO)<\/a>\n\t\t\t\t\t<\/div>\n\n\t\t\t\t\t<div id=\"elementor-tab-content-7071\" class=\"elementor-tab-content elementor-clearfix\" data-tab=\"1\" role=\"region\" aria-labelledby=\"elementor-tab-title-7071\"><ul>\n<li><strong>Alumnado de 1\u00ba bachillerato&nbsp;que promocione al siguiente curso:&nbsp;<\/strong>deber\u00e1 hacer <strong>MATRICULA DEFINITIVA<\/strong><strong>&nbsp;<\/strong>en el curso correspondiente. Para ello,&nbsp;<u>en julio<\/u>, deber\u00e1 rellenar la<u>&nbsp;matr\u00edcula para el&nbsp;curso correspondiente.<\/u><\/li>\n<li><u style=\"font-size: 15px;\"><strong>Alumnado de 1\u00ba bachillerato&nbsp; cuya promoci\u00f3n est\u00e9 pendiente de la pruebas extraordinaria de septiembre:<\/strong><\/u><br><ul type=\"circle\">\n<li><span style=\"font-size: 10.0pt; mso-bidi-font-size: 12.0pt; line-height: 150%; font-family: 'Arial','sans-serif';\">Matr\u00edcula provisional en 1\u00ba Bachillerato, cuando tengan m\u00e1s de 4 suspensos.<\/span><\/li>\n<li>Matr\u00edcula provisional en 2\u00ba Bachillerato, cuando tengan hasta 4 suspensos.<\/li>\n<li>En el sobre de matr\u00edcula solo rellenar\u00e1 los datos personales y marcar\u00e1 el curso en el que se matr\u00edcula provisionalmente.<\/li>\n<li>En el impreso de matr\u00edcula no se cumplimentar\u00e1n las materias del curso, haciendo constar en el espacio habilitado al efecto el siguiente texto: \u201cDurante el curso escolar 2024\/25<span style=\"font-family: Arial, 'sans-serif'; font-size: 10pt;\">&nbsp;este alumno o alumna est\u00e1 matriculado en 1\u00ba de BACHILLERATO y su promoci\u00f3n depende del resultado de las pruebas extraordinarias de septiembre\u201d.<\/span><\/li>\n<li>En Septiembre,&nbsp; una vez que conozca el resultado de la promoci\u00f3n, deber\u00e1 entregar el impreso <b style=\"color: #21211e; font-family: Arial, 'sans-serif';\">Documentaci\u00f3n Complementaria a la Matr\u00edcula Provisional<\/b><span style=\"color: #21211e; font-family: Arial, 'sans-serif'; font-size: 10pt;\">. ANEXO I<\/span><\/li>\n<\/ul>\n<\/li>\n<\/ul><\/div>\n\t\t\t\t<\/div>\n\t\t\t\t\t\t\t<div class=\"elementor-toggle-item\">\n\t\t\t\t\t<div id=\"elementor-tab-title-7072\" class=\"elementor-tab-title\" data-tab=\"2\" role=\"button\" aria-controls=\"elementor-tab-content-7072\" aria-expanded=\"false\">\n\t\t\t\t\t\t\t\t\t\t\t\t<span class=\"elementor-toggle-icon elementor-toggle-icon-left\" aria-hidden=\"true\">\n\t\t\t\t\t\t\t\t\t\t\t\t\t\t\t<span class=\"elementor-toggle-icon-closed\"><i class=\"fas fa-caret-right\"><\/i><\/span>\n\t\t\t\t\t\t\t\t<span class=\"elementor-toggle-icon-opened\"><i class=\"elementor-toggle-icon-opened fas fa-caret-up\"><\/i><\/span>\n\t\t\t\t\t\t\t\t\t\t\t\t\t<\/span>\n\t\t\t\t\t\t\t\t\t\t\t\t<a class=\"elementor-toggle-title\" tabindex=\"0\">C\u00d3MO MATRICULARSE <\/a>\n\t\t\t\t\t<\/div>\n\n\t\t\t\t\t<div id=\"elementor-tab-content-7072\" class=\"elementor-tab-content elementor-clearfix\" data-tab=\"2\" role=\"region\" aria-labelledby=\"elementor-tab-title-7072\"><ul>\n<li style=\"font-variant-ligatures: normal; font-variant-caps: normal; font-family: Roboto, sans-serif; font-size: 15px; font-style: normal; font-weight: 400;\"><span style=\"font-size: 15px; font-weight: 600;\">Matr\u00edcula Telem\u00e1tica:<\/span><span style=\"font-size: 15px; font-weight: 600;\">(Recomendada)<\/span>\n<ul>\n<li><a href=\"https:\/\/www.iessansebastian.com\/web\/wp-content\/uploads\/2024\/06\/BACHILLERATO-DIURNO-INSTRUCCIONES-1.pdf\"><span style=\"color: #ff0000;\">Instrucciones para rellenar el Sobre de Matr\u00edcula por Secretar\u00eda Virtual<\/span><\/a><\/li>\n<\/ul>\n<\/li>\n<\/ul>\n<ol style=\"font-variant-ligatures: normal; font-variant-caps: normal; font-family: Roboto, sans-serif; font-size: 15px; font-style: normal; font-weight: 400;\">\n<li style=\"font-size: 15px; list-style-type: none;\">\n<ol style=\"font-size: 15px;\">\n<li style=\"font-size: 15px;\">Deber\u00e1 acceder al sobre de matr\u00edcula electr\u00f3nica&nbsp;disponible en la Secretar\u00eda Virtual de la Junta de Andaluc\u00eda (el enlace estar\u00e1 habilitado del 1 al 10 de julio)&nbsp;<\/li>\n<li style=\"font-size: 15px;\">Deber\u00e1&nbsp;<u style=\"font-size: 15px;\">identificarse mediante la clave iANDE&nbsp;<\/u>del alumno\/a.&nbsp; En caso de no disponer de ella, solic\u00edtala en la Secretar\u00eda del Instituto.<\/li>\n<li style=\"font-size: 15px;\"><u style=\"font-size: 15px;\">Rellenar t<\/u>odos los apartados de la matr\u00edcula y dem\u00e1s documentos, y una vez finalizado, est\u00e1 quedar\u00e1&nbsp;<u style=\"font-size: 15px;\">presentada sin necesidad de acudir al instituto<\/u>.<br><ul style=\"font-size: 15px;\">\n<li style=\"font-size: 15px;\">&nbsp; &nbsp; &nbsp; &nbsp; &nbsp; &nbsp; &nbsp; &nbsp; &nbsp; &nbsp; &nbsp; &nbsp; &nbsp; &nbsp; &nbsp; &nbsp; &nbsp; &nbsp;&nbsp;<a style=\"font-size: 15px;\" href=\"https:\/\/www.juntadeandalucia.es\/educacion\/secretariavirtual\/accesoTramite\/486\/\" target=\"_blank\" rel=\"noopener\">RELLERNAR SOBRE MATR\u00cdCULA&nbsp;BACHILLERATO<\/a><\/li>\n<\/ul>\n<\/li>\n<\/ol>\n<\/li>\n<\/ol>\n<ul style=\"font-variant-ligatures: normal; font-variant-caps: normal; font-family: Roboto, sans-serif; font-size: 15px; font-style: normal; font-weight: 400;\">\n<li style=\"font-size: 15px;\"><span style=\"font-size: 15px; font-weight: 600;\"><span style=\"font-size: 15px; font-weight: 600;\">Matr\u00edcula Presencialmente:&nbsp;<\/span><span style=\"font-size: 15px; font-weight: 600;\">(No recomendado)<\/span>&nbsp;<\/span><br><ul style=\"font-size: 15px;\">\n<li style=\"font-size: 15px;\"><u style=\"font-size: 15px;\">Deber\u00e1 retirar el sobre de matr\u00edcula&nbsp;<\/u><span style=\"font-size: 15px;\">en la conserjer\u00eda del instituto, a partir del 25 de junio.<\/span><\/li>\n<li style=\"font-size: 15px;\"><u style=\"font-size: 15px;\">Cumplimentar<\/u><span style=\"font-size: 15px;\">, en casa, todos los apartados del sobre de matr\u00edcula, impreso de matricula, y dem\u00e1s documentaci\u00f3n.&nbsp;&nbsp;<\/span><\/li>\n<li style=\"font-size: 15px;\"><span style=\"font-size: 15px;\">Deber\u00e1 acudir al centro y&nbsp;<\/span><u style=\"font-size: 15px;\">presentar el sobre de matricula en la secretar\u00eda del centro<\/u><span style=\"font-size: 15px;\">,<\/span><\/li>\n<\/ul>\n<\/li>\n<\/ul>\n<p style=\"font-variant-ligatures: normal; font-variant-caps: normal; font-family: Roboto, sans-serif; font-size: 15px; font-style: normal; font-weight: 400;\">Para evitar aglomeraciones, los d\u00edas habilitados&nbsp;para la matr\u00edcula presencial ser\u00e1n:<\/p>\n<ul>\n<li style=\"list-style-type: none;\">\n<ul style=\"font-variant-ligatures: normal; font-variant-caps: normal; font-family: Roboto, sans-serif; font-size: 15px; font-style: normal; font-weight: 400;\">\n<li style=\"font-size: 15px;\"><span style=\"font-size: 15px; color: #ff0000;\">7, 8, 9, 10 julio&#8230;&#8230;&#8230;Bachillerato Diurno<\/span><\/li>\n<\/ul>\n<\/li>\n<\/ul><\/div>\n\t\t\t\t<\/div>\n\t\t\t\t\t\t\t\t<\/div>\n\t\t\t\t\t\t<\/div>\n\t\t\t\t<\/div>\n\t\t\t\t\t<\/div>\n\t\t<\/div>\n\t\t\t\t\t<\/div>\n\t\t<\/section>\n\t\t\t\t<\/div>\n\t\t","protected":false},"excerpt":{"rendered":"<p>ALUMNADO DE NUEVO INGRESO (UNA VEZ ADMITIDO) C\u00d3MO MATRICULARSE Matr\u00edcula Telem\u00e1tica:(Recomendada) Instrucciones para rellenar el Sobre de Matr\u00edcula por Secretar\u00eda Virtual Deber\u00e1 acceder al sobre de matr\u00edcula electr\u00f3nica\u00a0disponible en la [&hellip;]<\/p>\n","protected":false},"author":1,"featured_media":0,"parent":0,"menu_order":0,"comment_status":"closed","ping_status":"closed","template":"","meta":{"ocean_post_layout":"","ocean_both_sidebars_style":"","ocean_both_sidebars_content_width":0,"ocean_both_sidebars_sidebars_width":0,"ocean_sidebar":"0","ocean_second_sidebar":"0","ocean_disable_margins":"on","ocean_add_body_class":"","ocean_shortcode_before_top_bar":"","ocean_shortcode_after_top_bar":"","ocean_shortcode_before_header":"","ocean_shortcode_after_header":"","ocean_has_shortcode":"","ocean_shortcode_after_title":"","ocean_shortcode_before_footer_widgets":"","ocean_shortcode_after_footer_widgets":"","ocean_shortcode_before_footer_bottom":"","ocean_shortcode_after_footer_bottom":"","ocean_display_top_bar":"default","ocean_display_header":"default","ocean_header_style":"","ocean_center_header_left_menu":"0","ocean_custom_header_template":"0","ocean_custom_logo":0,"ocean_custom_retina_logo":0,"ocean_custom_logo_max_width":0,"ocean_custom_logo_tablet_max_width":0,"ocean_custom_logo_mobile_max_width":0,"ocean_custom_logo_max_height":0,"ocean_custom_logo_tablet_max_height":0,"ocean_custom_logo_mobile_max_height":0,"ocean_header_custom_menu":"0","ocean_menu_typo_font_family":"0","ocean_menu_typo_font_subset":"","ocean_menu_typo_font_size":0,"ocean_menu_typo_font_size_tablet":0,"ocean_menu_typo_font_size_mobile":0,"ocean_menu_typo_font_size_unit":"px","ocean_menu_typo_font_weight":"","ocean_menu_typo_font_weight_tablet":"","ocean_menu_typo_font_weight_mobile":"","ocean_menu_typo_transform":"","ocean_menu_typo_transform_tablet":"","ocean_menu_typo_transform_mobile":"","ocean_menu_typo_line_height":0,"ocean_menu_typo_line_height_tablet":0,"ocean_menu_typo_line_height_mobile":0,"ocean_menu_typo_line_height_unit":"","ocean_menu_typo_spacing":0,"ocean_menu_typo_spacing_tablet":0,"ocean_menu_typo_spacing_mobile":0,"ocean_menu_typo_spacing_unit":"","ocean_menu_link_color":"","ocean_menu_link_color_hover":"","ocean_menu_link_color_active":"","ocean_menu_link_background":"","ocean_menu_link_hover_background":"","ocean_menu_link_active_background":"","ocean_menu_social_links_bg":"","ocean_menu_social_hover_links_bg":"","ocean_menu_social_links_color":"","ocean_menu_social_hover_links_color":"","ocean_disable_title":"on","ocean_disable_heading":"default","ocean_post_title":"","ocean_post_subheading":"","ocean_post_title_style":"","ocean_post_title_background_color":"","ocean_post_title_background":0,"ocean_post_title_bg_image_position":"","ocean_post_title_bg_image_attachment":"","ocean_post_title_bg_image_repeat":"","ocean_post_title_bg_image_size":"","ocean_post_title_height":0,"ocean_post_title_bg_overlay":0.5,"ocean_post_title_bg_overlay_color":"","ocean_disable_breadcrumbs":"default","ocean_breadcrumbs_color":"","ocean_breadcrumbs_separator_color":"","ocean_breadcrumbs_links_color":"","ocean_breadcrumbs_links_hover_color":"","ocean_display_footer_widgets":"default","ocean_display_footer_bottom":"default","ocean_custom_footer_template":"0","footnotes":""},"class_list":["post-341","page","type-page","status-publish","hentry","entry"],"_links":{"self":[{"href":"https:\/\/www.iessansebastian.com\/web\/wp-json\/wp\/v2\/pages\/341","targetHints":{"allow":["GET"]}}],"collection":[{"href":"https:\/\/www.iessansebastian.com\/web\/wp-json\/wp\/v2\/pages"}],"about":[{"href":"https:\/\/www.iessansebastian.com\/web\/wp-json\/wp\/v2\/types\/page"}],"author":[{"embeddable":true,"href":"https:\/\/www.iessansebastian.com\/web\/wp-json\/wp\/v2\/users\/1"}],"replies":[{"embeddable":true,"href":"https:\/\/www.iessansebastian.com\/web\/wp-json\/wp\/v2\/comments?post=341"}],"version-history":[{"count":101,"href":"https:\/\/www.iessansebastian.com\/web\/wp-json\/wp\/v2\/pages\/341\/revisions"}],"predecessor-version":[{"id":10560,"href":"https:\/\/www.iessansebastian.com\/web\/wp-json\/wp\/v2\/pages\/341\/revisions\/10560"}],"wp:attachment":[{"href":"https:\/\/www.iessansebastian.com\/web\/wp-json\/wp\/v2\/media?parent=341"}],"curies":[{"name":"wp","href":"https:\/\/api.w.org\/{rel}","templated":true}]}}