{"id":345,"date":"2021-07-08T08:45:41","date_gmt":"2021-07-08T08:45:41","guid":{"rendered":"http:\/\/sansebastian.sietepuntosiete.es\/?page_id=345"},"modified":"2024-06-17T16:13:34","modified_gmt":"2024-06-17T14:13:34","slug":"matricula-adultos-semipresencial-y-regimen-general","status":"publish","type":"page","link":"https:\/\/www.iessansebastian.com\/web\/matricula-adultos-semipresencial-y-regimen-general\/","title":{"rendered":"MATR\u00cdCULA ADULTOS SEMIPRESENCIAL Y R\u00c9GIMEN GENERAL"},"content":{"rendered":"\t\t<div data-elementor-type=\"wp-page\" data-elementor-id=\"345\" class=\"elementor elementor-345\">\n\t\t\t\t\t\t<section class=\"elementor-section elementor-top-section elementor-element elementor-element-ff61465 elementor-section-boxed elementor-section-height-default elementor-section-height-default\" data-id=\"ff61465\" data-element_type=\"section\" data-e-type=\"section\">\n\t\t\t\t\t\t<div class=\"elementor-container elementor-column-gap-default\">\n\t\t\t\t\t<div class=\"elementor-column elementor-col-100 elementor-top-column elementor-element elementor-element-abb2b72\" data-id=\"abb2b72\" data-element_type=\"column\" data-e-type=\"column\">\n\t\t\t<div class=\"elementor-widget-wrap elementor-element-populated\">\n\t\t\t\t\t\t<div class=\"elementor-element elementor-element-5d31e01 elementor-widget elementor-widget-image\" data-id=\"5d31e01\" data-element_type=\"widget\" data-e-type=\"widget\" data-widget_type=\"image.default\">\n\t\t\t\t<div class=\"elementor-widget-container\">\n\t\t\t\t\t\t\t\t\t\t\t\t\t\t\t<img fetchpriority=\"high\" decoding=\"async\" width=\"625\" height=\"118\" src=\"https:\/\/www.iessansebastian.com\/web\/wp-content\/uploads\/2022\/03\/cabeceraensenanzaadultos.png\" class=\"attachment-full size-full wp-image-4617\" alt=\"\" srcset=\"https:\/\/www.iessansebastian.com\/web\/wp-content\/uploads\/2022\/03\/cabeceraensenanzaadultos.png 625w, https:\/\/www.iessansebastian.com\/web\/wp-content\/uploads\/2022\/03\/cabeceraensenanzaadultos-300x57.png 300w\" sizes=\"(max-width: 625px) 100vw, 625px\" \/>\t\t\t\t\t\t\t\t\t\t\t\t\t\t\t<\/div>\n\t\t\t\t<\/div>\n\t\t\t\t\t<\/div>\n\t\t<\/div>\n\t\t\t\t\t<\/div>\n\t\t<\/section>\n\t\t\t\t<section class=\"elementor-section elementor-top-section elementor-element elementor-element-6e7d33d elementor-section-boxed elementor-section-height-default elementor-section-height-default\" data-id=\"6e7d33d\" data-element_type=\"section\" data-e-type=\"section\">\n\t\t\t\t\t\t<div class=\"elementor-container elementor-column-gap-default\">\n\t\t\t\t\t<div class=\"elementor-column elementor-col-100 elementor-top-column elementor-element elementor-element-2dd5af1\" data-id=\"2dd5af1\" data-element_type=\"column\" data-e-type=\"column\">\n\t\t\t<div class=\"elementor-widget-wrap elementor-element-populated\">\n\t\t\t\t\t\t<div class=\"elementor-element elementor-element-5382256 elementor-widget-divider--view-line_text elementor-widget-divider--element-align-center elementor-widget elementor-widget-divider\" data-id=\"5382256\" data-element_type=\"widget\" data-e-type=\"widget\" data-widget_type=\"divider.default\">\n\t\t\t\t<div class=\"elementor-widget-container\">\n\t\t\t\t\t\t\t<div class=\"elementor-divider\">\n\t\t\t<span class=\"elementor-divider-separator\">\n\t\t\t\t\t\t\t<span class=\"elementor-divider__text elementor-divider__element\">\n\t\t\t\tDESPLIEGA PARA M\u00c1S INFORMACI\u00d3N\t\t\t\t<\/span>\n\t\t\t\t\t\t<\/span>\n\t\t<\/div>\n\t\t\t\t\t\t<\/div>\n\t\t\t\t<\/div>\n\t\t\t\t\t<\/div>\n\t\t<\/div>\n\t\t\t\t\t<\/div>\n\t\t<\/section>\n\t\t\t\t<section class=\"elementor-section elementor-top-section elementor-element elementor-element-e1345f5 elementor-section-boxed elementor-section-height-default elementor-section-height-default\" data-id=\"e1345f5\" data-element_type=\"section\" data-e-type=\"section\">\n\t\t\t\t\t\t<div class=\"elementor-container elementor-column-gap-default\">\n\t\t\t\t\t<div class=\"elementor-column elementor-col-100 elementor-top-column elementor-element elementor-element-3f9d6a9\" data-id=\"3f9d6a9\" data-element_type=\"column\" data-e-type=\"column\">\n\t\t\t<div class=\"elementor-widget-wrap elementor-element-populated\">\n\t\t\t\t\t\t<div class=\"elementor-element elementor-element-0e3bf5a elementor-widget elementor-widget-toggle\" data-id=\"0e3bf5a\" data-element_type=\"widget\" data-e-type=\"widget\" data-widget_type=\"toggle.default\">\n\t\t\t\t<div class=\"elementor-widget-container\">\n\t\t\t\t\t\t\t<div class=\"elementor-toggle\">\n\t\t\t\t\t\t\t<div class=\"elementor-toggle-item\">\n\t\t\t\t\t<div id=\"elementor-tab-title-1491\" class=\"elementor-tab-title\" data-tab=\"1\" role=\"button\" aria-controls=\"elementor-tab-content-1491\" aria-expanded=\"false\">\n\t\t\t\t\t\t\t\t\t\t\t\t<span class=\"elementor-toggle-icon elementor-toggle-icon-left\" aria-hidden=\"true\">\n\t\t\t\t\t\t\t\t\t\t\t\t\t\t\t<span class=\"elementor-toggle-icon-closed\"><i class=\"fas fa-caret-right\"><\/i><\/span>\n\t\t\t\t\t\t\t\t<span class=\"elementor-toggle-icon-opened\"><i class=\"elementor-toggle-icon-opened fas fa-caret-up\"><\/i><\/span>\n\t\t\t\t\t\t\t\t\t\t\t\t\t<\/span>\n\t\t\t\t\t\t\t\t\t\t\t\t<a class=\"elementor-toggle-title\" tabindex=\"0\">MATRICULACI\u00d3N ADULTOS SEMIPRESENCIAL<\/a>\n\t\t\t\t\t<\/div>\n\n\t\t\t\t\t<div id=\"elementor-tab-content-1491\" class=\"elementor-tab-content elementor-clearfix\" data-tab=\"1\" role=\"region\" aria-labelledby=\"elementor-tab-title-1491\"><ul><li><strong>Alumnado que promocione y el de nuevo ingreso\u00a0<\/strong>realizar\u00e1 su matricula en el mes\u00a0\u00a0<u>del 1 al 10 de julio<\/u>.<\/li><\/ul><\/div>\n\t\t\t\t<\/div>\n\t\t\t\t\t\t\t<div class=\"elementor-toggle-item\">\n\t\t\t\t\t<div id=\"elementor-tab-title-1492\" class=\"elementor-tab-title\" data-tab=\"2\" role=\"button\" aria-controls=\"elementor-tab-content-1492\" aria-expanded=\"false\">\n\t\t\t\t\t\t\t\t\t\t\t\t<span class=\"elementor-toggle-icon elementor-toggle-icon-left\" aria-hidden=\"true\">\n\t\t\t\t\t\t\t\t\t\t\t\t\t\t\t<span class=\"elementor-toggle-icon-closed\"><i class=\"fas fa-caret-right\"><\/i><\/span>\n\t\t\t\t\t\t\t\t<span class=\"elementor-toggle-icon-opened\"><i class=\"elementor-toggle-icon-opened fas fa-caret-up\"><\/i><\/span>\n\t\t\t\t\t\t\t\t\t\t\t\t\t<\/span>\n\t\t\t\t\t\t\t\t\t\t\t\t<a class=\"elementor-toggle-title\" tabindex=\"0\">C\u00d3MO MATRICULARSE<\/a>\n\t\t\t\t\t<\/div>\n\n\t\t\t\t\t<div id=\"elementor-tab-content-1492\" class=\"elementor-tab-content elementor-clearfix\" data-tab=\"2\" role=\"region\" aria-labelledby=\"elementor-tab-title-1492\"><ul><li><h4><strong>Matr\u00edcula Telem\u00e1tica:\u00a0(Recomendada)<\/strong><\/h4><ol><li>Deber\u00e1 acceder al\u00a0sobre de matr\u00edcula electr\u00f3nica\u00a0disponible en la Secretar\u00eda Virtual de la Junta de Andaluc\u00eda.<\/li><li>Deber\u00e1\u00a0<u>identificarse mediante la nueva clave iANDE<\/u>\u00a0del alumno\/a.\u00a0<\/li><li><u>Rellenar<\/u>\u00a0todos los apartados de la matricula, y una vez finalizado, est\u00e1 quedar\u00e1\u00a0<u>presentada sin necesidad de acudir al instituto.<\/u>\u00a0<\/li><\/ol><\/li><\/ul><div><p><b>\u00a0 \u00a0 \u00a0 \u00a0 \u00a0 \u00a0 \u00a0 \u00a0 \u00a0 \u00a0 \u00a0 \u00a0 \u00a0 \u00a0 \u00a0 \u00a0 \u00a0 \u00a0 \u00a0 \u00a0 \u00a0 \u00a0 \u00a0 \u00a0 \u00a0 \u00a0 \u00a0 \u00a0 \u00a0 \u00a0 \u00a0 \u00a0<\/b><a style=\"font-family: Roboto, sans-serif; font-size: 15px; font-weight: 400; background-color: #f8fcff;\" href=\"http:\/\/RELLERNAR SOBRE MATR\u00cdCULA ESO\" target=\"_blank\" rel=\"noopener\">RELLERNAR SOBRE MATR\u00cdCULA ESO PARA ADULTO<\/a><br \/>\u00a0 \u00a0 \u00a0 \u00a0 \u00a0 \u00a0 \u00a0 \u00a0 \u00a0 \u00a0 \u00a0 \u00a0 \u00a0 \u00a0 \u00a0 \u00a0 \u00a0 \u00a0 \u00a0 \u00a0 \u00a0 \u00a0 \u00a0 \u00a0 \u00a0 \u00a0 \u00a0 \u00a0 \u00a0 \u00a0 \u00a0 \u00a0<a style=\"font-family: Roboto, sans-serif; font-size: 15px; font-weight: 400; background-color: #f8fcff;\" href=\"https:\/\/www.juntadeandalucia.es\/educacion\/secretariavirtual\/accesoTramite\/228\/\" target=\"_blank\" rel=\"noopener\">RELLERNAR SOBRE DE MATR\u00cdCULA BACHILLERATO ADULTOS<\/a><\/p><\/div><p><strong><a href=\"https:\/\/www.iessansebastian.com\/index.php\/matriculaadultos#dos\">\u00a0<\/a>\u00a0 \u00a0 \u00a0 \u00a0 \u00a0 \u00a0 \u00a0 \u00a0 \u00a0\u00a0<\/strong><span style=\"font-size: 15px; font-weight: 600; background-color: #f6fbff; color: #424141;\">C\u00f3mo solicitar la clave iANDE, para poder identificarme en el proceso de matriculaci\u00f3n:<\/span><\/p><ul style=\"font-variant-ligatures: normal; font-variant-caps: normal; font-family: Roboto, sans-serif; font-size: 15px; font-style: normal; font-weight: 400; color: #424141; background-color: #ffffff;\"><li style=\"font-size: 15px; list-style-type: none;\"><ul style=\"font-size: 15px;\"><li style=\"font-size: 15px;\"><u style=\"font-size: 15px;\"><span style=\"font-size: 15px; font-weight: 600;\">NO\u00a0<\/span>eres alumno\/a del sistema educativo andaluz<\/u> en el presente curso 2023\/2024, <span style=\"font-size: 15px; font-weight: 600;\">debes solicitar tu\u00a0clave iANDe\u00a0 en cualquier Centro Educativo.<\/span><\/li><li style=\"font-size: 15px;\"><u style=\"font-size: 15px;\"><span style=\"font-size: 15px; font-weight: 600;\">SI<\/span>\u00a0ya eres alumno\/a<\/u>,\u00a0<span style=\"font-size: 15px; font-weight: 600;\">habr\u00e1s recibido tu clave iANDE\u00a0<\/span>v\u00eda iPASEN, por lo que\u00a0<span style=\"font-size: 15px; font-weight: 600;\">no tienes que solicitarla<\/span>. En caso de no disponer de ella, la puedes solicitar en la Secretar\u00eda del Instituto<\/li><\/ul><\/li><\/ul><ul><li><h4><strong>Matr\u00edcula Presencialmente:<\/strong><strong>\u00a0(No recomendado)<\/strong><\/h4><ol><li><u>Deber\u00e1 retirar la matricula<\/u>\u00a0en la conserjer\u00eda del instituto, a partir\u00a0 del 26 de junio.<\/li><li><u>Cumplimentar<\/u>, en casa, todos los apartados del sobre de matr\u00edcula, impreso de matricula, y dem\u00e1s documentaci\u00f3n.\u00a0\u00a0<\/li><li>Igualmente puede\u00a0<u>rellena\u00a0online a trav\u00e9s de Secretar\u00eda Virtual.<\/u>\u00a0 (<a href=\"https:\/\/www.juntadeandalucia.es\/educacion\/secretariavirtual\/accesoTramite\/228\/\" target=\"_blank\" rel=\"noopener\">BACHILLERATO<\/a>)\u00a0(<a href=\"https:\/\/www.juntadeandalucia.es\/educacion\/secretariavirtual\/accesoTramite\/227\/\" target=\"_blank\" rel=\"noopener\">ESA<\/a>)<\/li><li>Deber\u00e1 acudir al centro y\u00a0<u>presentar \u00a0la matricula en la secretar\u00eda del centro<\/u>,\u00a0<\/li><\/ol><div>\u00a0<\/div><ul><li>Para\u00a0 evitar aglomeraciones, los d\u00edas habilitados\u00a0\u00a0para la matr\u00edcula presencial ser\u00e1n:<ul><li><strong style=\"font-size: 15px;\">9, 10 julio<\/strong><span style=\"font-size: 15px;\">&#8230;&#8230;&#8230; <\/span><strong style=\"font-size: 15px;\">ESPA<\/strong><span style=\"font-size: 15px;\">\/\u00a0<\/span><strong style=\"font-size: 15px;\">Bachillerato Adultos.<\/strong><\/li><\/ul><\/li><\/ul><\/li><\/ul><h4>\u00a0<\/h4><\/div>\n\t\t\t\t<\/div>\n\t\t\t\t\t\t\t\t<\/div>\n\t\t\t\t\t\t<\/div>\n\t\t\t\t<\/div>\n\t\t\t\t\t<\/div>\n\t\t<\/div>\n\t\t\t\t\t<\/div>\n\t\t<\/section>\n\t\t\t\t<\/div>\n\t\t","protected":false},"excerpt":{"rendered":"<p>DESPLIEGA PARA M\u00c1S INFORMACI\u00d3N MATRICULACI\u00d3N ADULTOS SEMIPRESENCIAL Alumnado que promocione y el de nuevo ingreso\u00a0realizar\u00e1 su matricula en el mes\u00a0\u00a0del 1 al 10 de julio. C\u00d3MO MATRICULARSE Matr\u00edcula Telem\u00e1tica:\u00a0(Recomendada) Deber\u00e1 [&hellip;]<\/p>\n","protected":false},"author":1,"featured_media":0,"parent":0,"menu_order":0,"comment_status":"closed","ping_status":"closed","template":"","meta":{"ocean_post_layout":"","ocean_both_sidebars_style":"","ocean_both_sidebars_content_width":0,"ocean_both_sidebars_sidebars_width":0,"ocean_sidebar":"0","ocean_second_sidebar":"0","ocean_disable_margins":"on","ocean_add_body_class":"","ocean_shortcode_before_top_bar":"","ocean_shortcode_after_top_bar":"","ocean_shortcode_before_header":"","ocean_shortcode_after_header":"","ocean_has_shortcode":"","ocean_shortcode_after_title":"","ocean_shortcode_before_footer_widgets":"","ocean_shortcode_after_footer_widgets":"","ocean_shortcode_before_footer_bottom":"","ocean_shortcode_after_footer_bottom":"","ocean_display_top_bar":"default","ocean_display_header":"default","ocean_header_style":"","ocean_center_header_left_menu":"0","ocean_custom_header_template":"0","ocean_custom_logo":0,"ocean_custom_retina_logo":0,"ocean_custom_logo_max_width":0,"ocean_custom_logo_tablet_max_width":0,"ocean_custom_logo_mobile_max_width":0,"ocean_custom_logo_max_height":0,"ocean_custom_logo_tablet_max_height":0,"ocean_custom_logo_mobile_max_height":0,"ocean_header_custom_menu":"0","ocean_menu_typo_font_family":"0","ocean_menu_typo_font_subset":"","ocean_menu_typo_font_size":0,"ocean_menu_typo_font_size_tablet":0,"ocean_menu_typo_font_size_mobile":0,"ocean_menu_typo_font_size_unit":"px","ocean_menu_typo_font_weight":"","ocean_menu_typo_font_weight_tablet":"","ocean_menu_typo_font_weight_mobile":"","ocean_menu_typo_transform":"","ocean_menu_typo_transform_tablet":"","ocean_menu_typo_transform_mobile":"","ocean_menu_typo_line_height":0,"ocean_menu_typo_line_height_tablet":0,"ocean_menu_typo_line_height_mobile":0,"ocean_menu_typo_line_height_unit":"","ocean_menu_typo_spacing":0,"ocean_menu_typo_spacing_tablet":0,"ocean_menu_typo_spacing_mobile":0,"ocean_menu_typo_spacing_unit":"","ocean_menu_link_color":"","ocean_menu_link_color_hover":"","ocean_menu_link_color_active":"","ocean_menu_link_background":"","ocean_menu_link_hover_background":"","ocean_menu_link_active_background":"","ocean_menu_social_links_bg":"","ocean_menu_social_hover_links_bg":"","ocean_menu_social_links_color":"","ocean_menu_social_hover_links_color":"","ocean_disable_title":"on","ocean_disable_heading":"on","ocean_post_title":"","ocean_post_subheading":"","ocean_post_title_style":"","ocean_post_title_background_color":"","ocean_post_title_background":0,"ocean_post_title_bg_image_position":"","ocean_post_title_bg_image_attachment":"","ocean_post_title_bg_image_repeat":"","ocean_post_title_bg_image_size":"","ocean_post_title_height":0,"ocean_post_title_bg_overlay":0.5,"ocean_post_title_bg_overlay_color":"","ocean_disable_breadcrumbs":"default","ocean_breadcrumbs_color":"","ocean_breadcrumbs_separator_color":"","ocean_breadcrumbs_links_color":"","ocean_breadcrumbs_links_hover_color":"","ocean_display_footer_widgets":"default","ocean_display_footer_bottom":"default","ocean_custom_footer_template":"0","footnotes":""},"class_list":["post-345","page","type-page","status-publish","hentry","entry"],"_links":{"self":[{"href":"https:\/\/www.iessansebastian.com\/web\/wp-json\/wp\/v2\/pages\/345","targetHints":{"allow":["GET"]}}],"collection":[{"href":"https:\/\/www.iessansebastian.com\/web\/wp-json\/wp\/v2\/pages"}],"about":[{"href":"https:\/\/www.iessansebastian.com\/web\/wp-json\/wp\/v2\/types\/page"}],"author":[{"embeddable":true,"href":"https:\/\/www.iessansebastian.com\/web\/wp-json\/wp\/v2\/users\/1"}],"replies":[{"embeddable":true,"href":"https:\/\/www.iessansebastian.com\/web\/wp-json\/wp\/v2\/comments?post=345"}],"version-history":[{"count":77,"href":"https:\/\/www.iessansebastian.com\/web\/wp-json\/wp\/v2\/pages\/345\/revisions"}],"predecessor-version":[{"id":9460,"href":"https:\/\/www.iessansebastian.com\/web\/wp-json\/wp\/v2\/pages\/345\/revisions\/9460"}],"wp:attachment":[{"href":"https:\/\/www.iessansebastian.com\/web\/wp-json\/wp\/v2\/media?parent=345"}],"curies":[{"name":"wp","href":"https:\/\/api.w.org\/{rel}","templated":true}]}}