{"id":37,"date":"2021-06-30T10:27:23","date_gmt":"2021-06-30T10:27:23","guid":{"rendered":"http:\/\/sansebastian.sietepuntosiete.es\/?page_id=37"},"modified":"2022-05-24T21:37:42","modified_gmt":"2022-05-24T19:37:42","slug":"bolsa-de-empleo","status":"publish","type":"page","link":"https:\/\/www.iessansebastian.com\/web\/bolsa-de-empleo\/","title":{"rendered":"BOLSA DE EMPLEO"},"content":{"rendered":"\t\t<div data-elementor-type=\"wp-page\" data-elementor-id=\"37\" class=\"elementor elementor-37\">\n\t\t\t\t\t\t<section class=\"elementor-section elementor-top-section elementor-element elementor-element-a7ed7a7 elementor-section-boxed elementor-section-height-default elementor-section-height-default\" data-id=\"a7ed7a7\" data-element_type=\"section\" data-e-type=\"section\">\n\t\t\t\t\t\t<div class=\"elementor-container elementor-column-gap-default\">\n\t\t\t\t\t<div class=\"elementor-column elementor-col-100 elementor-top-column elementor-element elementor-element-2db420e\" data-id=\"2db420e\" data-element_type=\"column\" data-e-type=\"column\">\n\t\t\t<div class=\"elementor-widget-wrap elementor-element-populated\">\n\t\t\t\t\t\t<div class=\"elementor-element elementor-element-48b7df8 elementor-widget elementor-widget-image\" data-id=\"48b7df8\" data-element_type=\"widget\" data-e-type=\"widget\" data-widget_type=\"image.default\">\n\t\t\t\t<div class=\"elementor-widget-container\">\n\t\t\t\t\t\t\t\t\t\t\t\t\t\t\t<img fetchpriority=\"high\" decoding=\"async\" width=\"2560\" height=\"770\" src=\"https:\/\/www.iessansebastian.com\/web\/wp-content\/uploads\/2021\/10\/empleoF-scaled.jpg\" class=\"attachment-full size-full wp-image-1784\" alt=\"\" srcset=\"https:\/\/www.iessansebastian.com\/web\/wp-content\/uploads\/2021\/10\/empleoF-scaled.jpg 2560w, https:\/\/www.iessansebastian.com\/web\/wp-content\/uploads\/2021\/10\/empleoF-300x90.jpg 300w, https:\/\/www.iessansebastian.com\/web\/wp-content\/uploads\/2021\/10\/empleoF-1024x308.jpg 1024w, https:\/\/www.iessansebastian.com\/web\/wp-content\/uploads\/2021\/10\/empleoF-768x231.jpg 768w, https:\/\/www.iessansebastian.com\/web\/wp-content\/uploads\/2021\/10\/empleoF-1536x462.jpg 1536w, https:\/\/www.iessansebastian.com\/web\/wp-content\/uploads\/2021\/10\/empleoF-2048x616.jpg 2048w\" sizes=\"(max-width: 2560px) 100vw, 2560px\" \/>\t\t\t\t\t\t\t\t\t\t\t\t\t\t\t<\/div>\n\t\t\t\t<\/div>\n\t\t\t\t\t<\/div>\n\t\t<\/div>\n\t\t\t\t\t<\/div>\n\t\t<\/section>\n\t\t\t\t<section class=\"elementor-section elementor-top-section elementor-element elementor-element-2b99e8b elementor-section-boxed elementor-section-height-default elementor-section-height-default\" data-id=\"2b99e8b\" data-element_type=\"section\" data-e-type=\"section\">\n\t\t\t\t\t\t<div class=\"elementor-container elementor-column-gap-default\">\n\t\t\t\t\t<div class=\"elementor-column elementor-col-100 elementor-top-column elementor-element elementor-element-d06c65a\" data-id=\"d06c65a\" data-element_type=\"column\" data-e-type=\"column\">\n\t\t\t<div class=\"elementor-widget-wrap elementor-element-populated\">\n\t\t\t\t\t\t<div class=\"elementor-element elementor-element-2c4361a elementor-widget elementor-widget-text-editor\" data-id=\"2c4361a\" data-element_type=\"widget\" data-e-type=\"widget\" data-widget_type=\"text-editor.default\">\n\t\t\t\t<div class=\"elementor-widget-container\">\n\t\t\t\t\t\t\t\t\t<h3 style=\"text-align: center;\">NO GESTIONAMOS CV, entre otras razones, por protecci\u00f3n de datos. S\u00d3LO TRANSMITIMOS LA INFORMACI\u00d3N DESDE LA EMPRESA AL ALUMNADO TITULADO EN EL IES\u00a0 SAN SEBASTI\u00c1N<\/h3><h3>ALUMNOS<\/h3><p>Si eres antigua\/o alumna\/o\u00a0titulada\/o como T\u00e9cnico o T\u00e9cnico Superior en nuestro centro y quieres\u00a0incorporarte a la lista de contactos para recibir las ofertas de empleo que recibimos de las empresas, debes rellenar el siguiente formulario en el que indic\u00e1s tu nombre, apellidos, email, ciclo formativo realizado y el curso en el que titulaste:<\/p><p><a href=\"https:\/\/forms.gle\/5JRiFfDxtQoMWVAM8\" target=\"_blank\" rel=\"noopener\">BOLSA DE EMPLEO &#8211; ESTUDIANTES DEL IES SAN SEBASTI\u00c1N<\/a><\/p><h3>EMPRESAS<\/h3><p>Toda empresa que desee publicitar una oferta de empleo para nuestro alumnado titulado, debe enviar\u00a0a vicedirsansebastian<a href=\"mailto:bolsaempleo@gmail.com\">@<\/a><a href=\"mailto:bolsaempleo@gmail.com\">gmail.com<\/a> la oferta de empleo, incluyendo la siguiente informaci\u00f3n:<\/p><ol><li>PERFIL\/ TITULACI\u00d3N que se busca, lo que se valora, etc.<\/li><li>PUESTO DE TRABAJO, con la descripci\u00f3n del mismo, sede del centro de trabajo, tareas a desempe\u00f1ar, \u2026<\/li><li>QU\u00c9 SE OFRECE: Tipo y duraci\u00f3n del contrato, posibilidades de promoci\u00f3n, horarios, etc. una vez se produzca la incorporaci\u00f3n.<\/li><li>Direcci\u00f3n de correo al que desea recibir los CVs<\/li><\/ol><p>A continuaci\u00f3n la reenviamos a la lista de contactos correspondiente a la titulaci\u00f3n requerida.<\/p><p>Aquell@s alumn@s interesados en la oferta env\u00edar\u00e1n su CV a la direcci\u00f3n\u00a0de\u00a0correo electr\u00f3nico que la empresa\/entidad indica para tal fin.<\/p>\t\t\t\t\t\t\t\t<\/div>\n\t\t\t\t<\/div>\n\t\t\t\t\t<\/div>\n\t\t<\/div>\n\t\t\t\t\t<\/div>\n\t\t<\/section>\n\t\t\t\t<\/div>\n\t\t","protected":false},"excerpt":{"rendered":"<p>NO GESTIONAMOS CV, entre otras razones, por protecci\u00f3n de datos. S\u00d3LO TRANSMITIMOS LA INFORMACI\u00d3N DESDE LA EMPRESA AL ALUMNADO TITULADO EN EL IES\u00a0 SAN SEBASTI\u00c1N ALUMNOS Si eres antigua\/o alumna\/o\u00a0titulada\/o [&hellip;]<\/p>\n","protected":false},"author":1,"featured_media":0,"parent":0,"menu_order":0,"comment_status":"closed","ping_status":"closed","template":"","meta":{"ocean_post_layout":"","ocean_both_sidebars_style":"","ocean_both_sidebars_content_width":0,"ocean_both_sidebars_sidebars_width":0,"ocean_sidebar":"0","ocean_second_sidebar":"0","ocean_disable_margins":"on","ocean_add_body_class":"","ocean_shortcode_before_top_bar":"","ocean_shortcode_after_top_bar":"","ocean_shortcode_before_header":"","ocean_shortcode_after_header":"","ocean_has_shortcode":"","ocean_shortcode_after_title":"","ocean_shortcode_before_footer_widgets":"","ocean_shortcode_after_footer_widgets":"","ocean_shortcode_before_footer_bottom":"","ocean_shortcode_after_footer_bottom":"","ocean_display_top_bar":"default","ocean_display_header":"default","ocean_header_style":"","ocean_center_header_left_menu":"0","ocean_custom_header_template":"0","ocean_custom_logo":0,"ocean_custom_retina_logo":0,"ocean_custom_logo_max_width":0,"ocean_custom_logo_tablet_max_width":0,"ocean_custom_logo_mobile_max_width":0,"ocean_custom_logo_max_height":0,"ocean_custom_logo_tablet_max_height":0,"ocean_custom_logo_mobile_max_height":0,"ocean_header_custom_menu":"0","ocean_menu_typo_font_family":"0","ocean_menu_typo_font_subset":"","ocean_menu_typo_font_size":0,"ocean_menu_typo_font_size_tablet":0,"ocean_menu_typo_font_size_mobile":0,"ocean_menu_typo_font_size_unit":"px","ocean_menu_typo_font_weight":"","ocean_menu_typo_font_weight_tablet":"","ocean_menu_typo_font_weight_mobile":"","ocean_menu_typo_transform":"","ocean_menu_typo_transform_tablet":"","ocean_menu_typo_transform_mobile":"","ocean_menu_typo_line_height":0,"ocean_menu_typo_line_height_tablet":0,"ocean_menu_typo_line_height_mobile":0,"ocean_menu_typo_line_height_unit":"","ocean_menu_typo_spacing":0,"ocean_menu_typo_spacing_tablet":0,"ocean_menu_typo_spacing_mobile":0,"ocean_menu_typo_spacing_unit":"","ocean_menu_link_color":"","ocean_menu_link_color_hover":"","ocean_menu_link_color_active":"","ocean_menu_link_background":"","ocean_menu_link_hover_background":"","ocean_menu_link_active_background":"","ocean_menu_social_links_bg":"","ocean_menu_social_hover_links_bg":"","ocean_menu_social_links_color":"","ocean_menu_social_hover_links_color":"","ocean_disable_title":"on","ocean_disable_heading":"default","ocean_post_title":"","ocean_post_subheading":"","ocean_post_title_style":"","ocean_post_title_background_color":"","ocean_post_title_background":0,"ocean_post_title_bg_image_position":"","ocean_post_title_bg_image_attachment":"","ocean_post_title_bg_image_repeat":"","ocean_post_title_bg_image_size":"","ocean_post_title_height":0,"ocean_post_title_bg_overlay":0.5,"ocean_post_title_bg_overlay_color":"","ocean_disable_breadcrumbs":"default","ocean_breadcrumbs_color":"","ocean_breadcrumbs_separator_color":"","ocean_breadcrumbs_links_color":"","ocean_breadcrumbs_links_hover_color":"","ocean_display_footer_widgets":"default","ocean_display_footer_bottom":"default","ocean_custom_footer_template":"0","footnotes":""},"class_list":["post-37","page","type-page","status-publish","hentry","entry"],"_links":{"self":[{"href":"https:\/\/www.iessansebastian.com\/web\/wp-json\/wp\/v2\/pages\/37","targetHints":{"allow":["GET"]}}],"collection":[{"href":"https:\/\/www.iessansebastian.com\/web\/wp-json\/wp\/v2\/pages"}],"about":[{"href":"https:\/\/www.iessansebastian.com\/web\/wp-json\/wp\/v2\/types\/page"}],"author":[{"embeddable":true,"href":"https:\/\/www.iessansebastian.com\/web\/wp-json\/wp\/v2\/users\/1"}],"replies":[{"embeddable":true,"href":"https:\/\/www.iessansebastian.com\/web\/wp-json\/wp\/v2\/comments?post=37"}],"version-history":[{"count":36,"href":"https:\/\/www.iessansebastian.com\/web\/wp-json\/wp\/v2\/pages\/37\/revisions"}],"predecessor-version":[{"id":6257,"href":"https:\/\/www.iessansebastian.com\/web\/wp-json\/wp\/v2\/pages\/37\/revisions\/6257"}],"wp:attachment":[{"href":"https:\/\/www.iessansebastian.com\/web\/wp-json\/wp\/v2\/media?parent=37"}],"curies":[{"name":"wp","href":"https:\/\/api.w.org\/{rel}","templated":true}]}}