{"id":381,"date":"2021-07-09T08:10:06","date_gmt":"2021-07-09T08:10:06","guid":{"rendered":"http:\/\/sansebastian.sietepuntosiete.es\/?page_id=381"},"modified":"2025-07-11T12:06:22","modified_gmt":"2025-07-11T10:06:22","slug":"oferta-formativa-bachillerato","status":"publish","type":"page","link":"https:\/\/www.iessansebastian.com\/web\/oferta-formativa-bachillerato\/","title":{"rendered":"OFERTA FORMATIVA BACHILLERATO"},"content":{"rendered":"\t\t<div data-elementor-type=\"wp-page\" data-elementor-id=\"381\" class=\"elementor elementor-381\">\n\t\t\t\t\t\t<section class=\"elementor-section elementor-top-section elementor-element elementor-element-7dc3c10 elementor-section-boxed elementor-section-height-default elementor-section-height-default\" data-id=\"7dc3c10\" data-element_type=\"section\" data-e-type=\"section\">\n\t\t\t\t\t\t<div class=\"elementor-container elementor-column-gap-default\">\n\t\t\t\t\t<div class=\"elementor-column elementor-col-100 elementor-top-column elementor-element elementor-element-c915b99\" data-id=\"c915b99\" data-element_type=\"column\" data-e-type=\"column\">\n\t\t\t<div class=\"elementor-widget-wrap elementor-element-populated\">\n\t\t\t\t\t\t<div class=\"elementor-element elementor-element-79df9d7 elementor-widget elementor-widget-image\" data-id=\"79df9d7\" data-element_type=\"widget\" data-e-type=\"widget\" data-widget_type=\"image.default\">\n\t\t\t\t<div class=\"elementor-widget-container\">\n\t\t\t\t\t\t\t\t\t\t\t\t\t\t\t<img fetchpriority=\"high\" decoding=\"async\" width=\"2560\" height=\"817\" src=\"https:\/\/www.iessansebastian.com\/web\/wp-content\/uploads\/2022\/03\/bachilleratoF-scaled.jpg\" class=\"attachment-full size-full wp-image-3746\" alt=\"\" srcset=\"https:\/\/www.iessansebastian.com\/web\/wp-content\/uploads\/2022\/03\/bachilleratoF-scaled.jpg 2560w, https:\/\/www.iessansebastian.com\/web\/wp-content\/uploads\/2022\/03\/bachilleratoF-300x96.jpg 300w, https:\/\/www.iessansebastian.com\/web\/wp-content\/uploads\/2022\/03\/bachilleratoF-1024x327.jpg 1024w, https:\/\/www.iessansebastian.com\/web\/wp-content\/uploads\/2022\/03\/bachilleratoF-768x245.jpg 768w, https:\/\/www.iessansebastian.com\/web\/wp-content\/uploads\/2022\/03\/bachilleratoF-1536x490.jpg 1536w, https:\/\/www.iessansebastian.com\/web\/wp-content\/uploads\/2022\/03\/bachilleratoF-2048x654.jpg 2048w\" sizes=\"(max-width: 2560px) 100vw, 2560px\" \/>\t\t\t\t\t\t\t\t\t\t\t\t\t\t\t<\/div>\n\t\t\t\t<\/div>\n\t\t\t\t\t<\/div>\n\t\t<\/div>\n\t\t\t\t\t<\/div>\n\t\t<\/section>\n\t\t\t\t<section class=\"elementor-section elementor-top-section elementor-element elementor-element-fdf18fd elementor-section-boxed elementor-section-height-default elementor-section-height-default\" data-id=\"fdf18fd\" data-element_type=\"section\" data-e-type=\"section\">\n\t\t\t\t\t\t<div class=\"elementor-container elementor-column-gap-default\">\n\t\t\t\t\t<div class=\"elementor-column elementor-col-100 elementor-top-column elementor-element elementor-element-f7d8074\" data-id=\"f7d8074\" data-element_type=\"column\" data-e-type=\"column\">\n\t\t\t<div class=\"elementor-widget-wrap elementor-element-populated\">\n\t\t\t\t\t\t<section class=\"elementor-section elementor-inner-section elementor-element elementor-element-d390929 elementor-section-boxed elementor-section-height-default elementor-section-height-default\" data-id=\"d390929\" data-element_type=\"section\" data-e-type=\"section\">\n\t\t\t\t\t\t<div class=\"elementor-container elementor-column-gap-default\">\n\t\t\t\t\t<div class=\"elementor-column elementor-col-100 elementor-inner-column elementor-element elementor-element-fe71600\" data-id=\"fe71600\" data-element_type=\"column\" data-e-type=\"column\">\n\t\t\t<div class=\"elementor-widget-wrap elementor-element-populated\">\n\t\t\t\t\t\t<div class=\"elementor-element elementor-element-e48d488 elementor-widget elementor-widget-text-editor\" data-id=\"e48d488\" data-element_type=\"widget\" data-e-type=\"widget\" data-widget_type=\"text-editor.default\">\n\t\t\t\t<div class=\"elementor-widget-container\">\n\t\t\t\t\t\t\t\t\t<p><span style=\"font-size: 21px;\">\u00a0<\/span><\/p><p><span style=\"font-size: 21px;\">A continuaci\u00f3n, puedes ver el itinerario de 1\u00ba y 2\u00ba de Bachillerato del IES San Sebasti\u00e1n, junto con las optativas que ofrecemos:<\/span><\/p>\t\t\t\t\t\t\t\t<\/div>\n\t\t\t\t<\/div>\n\t\t\t\t\t<\/div>\n\t\t<\/div>\n\t\t\t\t\t<\/div>\n\t\t<\/section>\n\t\t\t\t\t<\/div>\n\t\t<\/div>\n\t\t\t\t\t<\/div>\n\t\t<\/section>\n\t\t\t\t<section class=\"elementor-section elementor-top-section elementor-element elementor-element-13462e5 elementor-section-boxed elementor-section-height-default elementor-section-height-default\" data-id=\"13462e5\" data-element_type=\"section\" data-e-type=\"section\">\n\t\t\t\t\t\t<div class=\"elementor-container elementor-column-gap-default\">\n\t\t\t\t\t<div class=\"elementor-column elementor-col-100 elementor-top-column elementor-element elementor-element-cd4aaf3\" data-id=\"cd4aaf3\" data-element_type=\"column\" data-e-type=\"column\">\n\t\t\t<div class=\"elementor-widget-wrap elementor-element-populated\">\n\t\t\t\t\t\t<div class=\"elementor-element elementor-element-8c14bb6 elementor-widget elementor-widget-toggle\" data-id=\"8c14bb6\" data-element_type=\"widget\" data-e-type=\"widget\" data-widget_type=\"toggle.default\">\n\t\t\t\t<div class=\"elementor-widget-container\">\n\t\t\t\t\t\t\t<div class=\"elementor-toggle\">\n\t\t\t\t\t\t\t<div class=\"elementor-toggle-item\">\n\t\t\t\t\t<div id=\"elementor-tab-title-1461\" class=\"elementor-tab-title\" data-tab=\"1\" role=\"button\" aria-controls=\"elementor-tab-content-1461\" aria-expanded=\"false\">\n\t\t\t\t\t\t\t\t\t\t\t\t<span class=\"elementor-toggle-icon elementor-toggle-icon-left\" aria-hidden=\"true\">\n\t\t\t\t\t\t\t\t\t\t\t\t\t\t\t<span class=\"elementor-toggle-icon-closed\"><i class=\"fas fa-caret-right\"><\/i><\/span>\n\t\t\t\t\t\t\t\t<span class=\"elementor-toggle-icon-opened\"><i class=\"elementor-toggle-icon-opened fas fa-caret-up\"><\/i><\/span>\n\t\t\t\t\t\t\t\t\t\t\t\t\t<\/span>\n\t\t\t\t\t\t\t\t\t\t\t\t<a class=\"elementor-toggle-title\" tabindex=\"0\">CIENCIAS Y TECNOLOG\u00cdA<\/a>\n\t\t\t\t\t<\/div>\n\n\t\t\t\t\t<div id=\"elementor-tab-content-1461\" class=\"elementor-tab-content elementor-clearfix\" data-tab=\"1\" role=\"region\" aria-labelledby=\"elementor-tab-title-1461\"><h3 style=\"text-align: center;\">1\u00ba Bachillerato<\/h3><hr \/><p><strong>Materias generales del bloque de asignaturas troncales<\/strong><\/p><p>\u2022 Filosof\u00eda <br \/>\u2022 Lengua Castellana y Literatura I <br \/>\u2022 Primera Lengua Extranjera I <br \/>\u2022 Matem\u00e1ticas I<\/p><p><span style=\"font-family: 'Playfair Display', sans-serif; font-size: 18px; font-style: normal; font-variant-ligatures: normal; font-variant-caps: normal; font-weight: 400;\">\u2022 Educaci\u00f3n F\u00edsica<\/span><\/p><hr \/><p><strong>Materias de opci\u00f3n de modalidad (Elegir dos)<\/strong><\/p><p>\u2022 Dibujo T\u00e9cnico I<\/p><p>\u2022 F\u00edsica y Qu\u00edmica<\/p><p><span style=\"font-family: 'Playfair Display', sans-serif; font-size: 18px; font-style: normal; font-variant-ligatures: normal; font-variant-caps: normal; font-weight: 400;\">\u2022 Tecnolog\u00eda e Ingenier\u00eda<\/span><\/p><p><span style=\"font-family: 'Playfair Display', sans-serif; font-size: 18px; font-style: normal; font-variant-ligatures: normal; font-variant-caps: normal; font-weight: 400;\">\u2022 Biolog\u00eda y Geolog\u00eda y Ciencias Ambientales<\/span><span style=\"font-family: 'Playfair Display', sans-serif; font-size: 18px; font-style: normal; font-variant-ligatures: normal; font-variant-caps: normal; font-weight: 400;\"><br \/><\/span><\/p><hr \/><p><strong>Materias Opcionales de la Comunidad (Elegir tres)<br \/><\/strong><\/p><p>\u2022 Anatom\u00eda Aplicada<\/p><p><span style=\"font-size: 18px;\">\u2022 Franc\u00e9s<\/span><\/p><p>\u2022 Antropolog\u00eda y Sociolog\u00eda<\/p><p>\u2022 Tecnolog\u00edas de la Informaci\u00f3n y la Comunicaci\u00f3n I<\/p><p>\u2022 Creaci\u00f3n Digital y Pensamiento Computacional<\/p><p><strong>Elegir una<\/strong>: Religi\u00f3n Cat\u00f3lica \/ Religi\u00f3n Evang\u00e9lica \/ Atenci\u00f3n Educativa<\/p><hr \/><hr \/><hr \/><h3>\u00a0<\/h3><h3 style=\"text-align: center;\">2\u00ba Bachillerato<\/h3><hr \/><p><strong>Materias generales del bloque de asignaturas troncales<\/strong><\/p><p>\u2022 Historia de Espa\u00f1a <br \/>\u2022 Lengua Castellana y Literatura II <br \/>\u2022 Ingl\u00e9s<\/p><p><span style=\"font-family: 'Playfair Display', sans-serif; font-size: 18px; font-style: normal; font-variant-ligatures: normal; font-variant-caps: normal; font-weight: 400;\">\u2022 Historia de la filosof\u00eda<\/span><\/p><p>\u2022 Matem\u00e1ticas II<\/p><hr \/><p><strong>Materias troncales de opci\u00f3n (elegir dos)<br \/><\/strong><\/p><p>\u2022 Biolog\u00eda <br \/>\u2022 Dibujo T\u00e9cnico II <br \/>\u2022 F\u00edsica<br \/>\u2022 Qu\u00edmica<\/p><p>\u2022 Geolog\u00eda y Ciencias Ambientales<\/p><p>\u2022 Tecnolog\u00eda Ingen.<\/p><hr \/><p><strong>Materias opcionales de la comunidad (Elegir dos)<\/strong><\/p><p>\u2022 Ciencias de la Tierra y del Medio Ambiente <br \/><span style=\"font-family: 'Playfair Display', sans-serif; font-size: 18px; font-style: normal; font-variant-ligatures: normal; font-variant-caps: normal; font-weight: 400;\">\u2022 Biolog\u00eda molecular, celular y tisular.<br \/><\/span><\/p><p>\u2022 Psicolog\u00eda <br \/>\u2022 Franc\u00e9s<br \/>\u2022 Actividad f\u00edsica, salud y Sociedad.<br \/>\u2022 Tecnolog\u00edas de la Informaci\u00f3n y la Comunicaci\u00f3n II<\/p><p><strong>Elegir una<\/strong>: Religi\u00f3n Cat\u00f3lica\/ Religi\u00f3n Evang\u00e9lica \/ Atenci\u00f3n Educativa<\/p><\/div>\n\t\t\t\t<\/div>\n\t\t\t\t\t\t\t<div class=\"elementor-toggle-item\">\n\t\t\t\t\t<div id=\"elementor-tab-title-1462\" class=\"elementor-tab-title\" data-tab=\"2\" role=\"button\" aria-controls=\"elementor-tab-content-1462\" aria-expanded=\"false\">\n\t\t\t\t\t\t\t\t\t\t\t\t<span class=\"elementor-toggle-icon elementor-toggle-icon-left\" aria-hidden=\"true\">\n\t\t\t\t\t\t\t\t\t\t\t\t\t\t\t<span class=\"elementor-toggle-icon-closed\"><i class=\"fas fa-caret-right\"><\/i><\/span>\n\t\t\t\t\t\t\t\t<span class=\"elementor-toggle-icon-opened\"><i class=\"elementor-toggle-icon-opened fas fa-caret-up\"><\/i><\/span>\n\t\t\t\t\t\t\t\t\t\t\t\t\t<\/span>\n\t\t\t\t\t\t\t\t\t\t\t\t<a class=\"elementor-toggle-title\" tabindex=\"0\">HUMANIDADES Y CIENCIAS SOCIALES<\/a>\n\t\t\t\t\t<\/div>\n\n\t\t\t\t\t<div id=\"elementor-tab-content-1462\" class=\"elementor-tab-content elementor-clearfix\" data-tab=\"2\" role=\"region\" aria-labelledby=\"elementor-tab-title-1462\"><h3 style=\"text-align: center;\">1\u00ba Bachillerato<\/h3><hr \/><p><strong>Materias generales del bloque de asignaturas troncales<\/strong><\/p><p>\u2022 Filosof\u00eda <br \/>\u2022 Lengua Castellana y Literatura I <br \/>\u2022 Ingl\u00e9s<br \/>\u2022 Lat\u00edn I (itinerario humanidades) <br \/>\u2022 Matem\u00e1ticas Aplicadas a las Ciencias Sociales I (itinerario CCSS)<\/p><p><span style=\"font-family: 'Playfair Display', sans-serif; font-size: 18px; font-style: normal; font-variant-ligatures: normal; font-variant-caps: normal; font-weight: 400;\">Educaci\u00f3n F\u00edsica\u00a0<\/span><\/p><hr \/><p><strong>Materias de opci\u00f3n de modalidad (elegir dos)<br \/><\/strong><\/p><p>\u2022 Econom\u00eda<br \/>\u2022 Griego I <br \/>\u2022 Historia del Mundo Contempor\u00e1neo<br \/>\u2022 Literatura Universal<\/p><hr \/><p><strong>Materias opcionales de la comunidad (elegir tres)<br \/><\/strong><\/p><p>\u2022 Patrimonio Cultural de Andaluc\u00eda<\/p><p>\u2022 Franc\u00e9s<\/p><p>\u2022 Antropolog\u00eda y Sociolog\u00eda<\/p><p>\u2022 Cultura emprendedora y empresarial.<\/p><p>\u2022 Tecnolog\u00edas de la Informaci\u00f3n y la Comunicaci\u00f3n I<\/p><p><span style=\"font-variant-ligatures: normal; font-variant-caps: normal; font-family: 'Playfair Display', sans-serif; font-size: 18px; font-style: normal; font-weight: 600;\">Elegir una<\/span><span style=\"font-family: 'Playfair Display', sans-serif; font-size: 18px; font-style: normal; font-variant-ligatures: normal; font-variant-caps: normal; font-weight: 400;\">: Religi\u00f3n Cat\u00f3lica \/ Religi\u00f3n Evang\u00e9lica \/ Atenci\u00f3n Educativa<\/span><\/p><hr \/><hr \/><hr \/><h3>\u00a0<\/h3><h3 style=\"text-align: center;\">2\u00ba Bachillerato<\/h3><hr \/><p><strong>Materias generales del bloque de asignaturas troncales<\/strong><\/p><p>\u2022 Historia de Espa\u00f1a <br \/>\u2022 Lengua Castellana y Literatura II <br \/>\u2022 Ingl\u00e9s<\/p><p><span style=\"font-family: 'Playfair Display', sans-serif; font-size: 18px; font-style: normal; font-variant-ligatures: normal; font-variant-caps: normal; font-weight: 400;\">\u2022 Historia de la Filosof\u00eda<\/span><br \/>\u2022 Lat\u00edn II (para humanidades) <br \/>\u2022 Matem\u00e1ticas Aplicadas a las Ciencias Sociales II (para CCSS)<\/p><hr \/><p><strong>Materias opcionales de modalidad (elegir dos)<br \/><\/strong><\/p><p>\u2022 Empresa y Dis. Mod. Neg.<br \/>\u2022 Geograf\u00eda <br \/>\u2022 Griego II <br \/>\u2022 Historia del Arte<\/p><hr \/><p><strong>Materias opcionales de la comunidad (elegir dos)<\/strong><\/p><p><span style=\"font-size: 18px;\">\u2022 Franc\u00e9s<\/span><\/p><p>\u2022 Fundamentos de Administraci\u00f3n y Gesti\u00f3n<\/p><p>\u2022 Tecnolog\u00edas de la Informaci\u00f3n y la Comunicaci\u00f3n II<\/p><p><span style=\"font-family: 'Playfair Display', sans-serif; font-size: 18px; font-style: normal; font-variant-ligatures: normal; font-variant-caps: normal; font-weight: 400;\">\u2022 Psicolog\u00eda<\/span><\/p><p><span style=\"font-family: 'Playfair Display', sans-serif; font-size: 18px; font-style: normal; font-variant-ligatures: normal; font-variant-caps: normal; font-weight: 400;\">\u2022 Finanzas y Econom\u00eda<\/span><\/p><p><span style=\"font-family: 'Playfair Display', sans-serif; font-size: 18px; font-style: normal; font-variant-ligatures: normal; font-variant-caps: normal; font-weight: 400;\">\u2022 Mitolog\u00eda Cl\u00e1sica<br \/><\/span><\/p><p style=\"font-variant-ligatures: normal; font-variant-caps: normal; font-family: 'Playfair Display', sans-serif; font-size: 18px; font-style: normal; font-weight: 400;\"><span style=\"font-size: 18px; font-weight: 600;\">Elegir una<\/span>: Religi\u00f3n Cat\u00f3lica\/ Religi\u00f3n Evang\u00e9lica \/ Atenci\u00f3n Educativa<\/p><\/div>\n\t\t\t\t<\/div>\n\t\t\t\t\t\t\t\t<\/div>\n\t\t\t\t\t\t<\/div>\n\t\t\t\t<\/div>\n\t\t\t\t\t<\/div>\n\t\t<\/div>\n\t\t\t\t\t<\/div>\n\t\t<\/section>\n\t\t\t\t<section class=\"elementor-section elementor-top-section elementor-element elementor-element-90ed5f6 elementor-section-boxed elementor-section-height-default elementor-section-height-default\" data-id=\"90ed5f6\" data-element_type=\"section\" data-e-type=\"section\">\n\t\t\t\t\t\t<div class=\"elementor-container elementor-column-gap-default\">\n\t\t\t\t\t<div class=\"elementor-column elementor-col-50 elementor-top-column elementor-element elementor-element-b2b4ee6\" data-id=\"b2b4ee6\" data-element_type=\"column\" data-e-type=\"column\">\n\t\t\t<div class=\"elementor-widget-wrap elementor-element-populated\">\n\t\t\t\t\t\t<div class=\"elementor-element elementor-element-9830a6f elementor-widget elementor-widget-image\" data-id=\"9830a6f\" data-element_type=\"widget\" data-e-type=\"widget\" data-widget_type=\"image.default\">\n\t\t\t\t<div class=\"elementor-widget-container\">\n\t\t\t\t\t\t\t\t\t\t\t\t\t\t\t\t<a href=\"https:\/\/www.iessansebastian.com\/web\/wp-content\/uploads\/2025\/06\/LIBROS-DE-TEXTO-BACHILLERATO_2025_2026.pdf\">\n\t\t\t\t\t\t\t<img decoding=\"async\" width=\"300\" height=\"204\" src=\"https:\/\/www.iessansebastian.com\/web\/wp-content\/uploads\/2025\/07\/libros-de-texto-1-300x204.jpg\" class=\"attachment-medium size-medium wp-image-10586\" alt=\"\" srcset=\"https:\/\/www.iessansebastian.com\/web\/wp-content\/uploads\/2025\/07\/libros-de-texto-1-300x204.jpg 300w, https:\/\/www.iessansebastian.com\/web\/wp-content\/uploads\/2025\/07\/libros-de-texto-1-1024x696.jpg 1024w, https:\/\/www.iessansebastian.com\/web\/wp-content\/uploads\/2025\/07\/libros-de-texto-1-768x522.jpg 768w, https:\/\/www.iessansebastian.com\/web\/wp-content\/uploads\/2025\/07\/libros-de-texto-1.jpg 1250w\" sizes=\"(max-width: 300px) 100vw, 300px\" \/>\t\t\t\t\t\t\t\t<\/a>\n\t\t\t\t\t\t\t\t\t\t\t\t\t\t\t<\/div>\n\t\t\t\t<\/div>\n\t\t\t\t\t<\/div>\n\t\t<\/div>\n\t\t\t\t<div class=\"elementor-column elementor-col-50 elementor-top-column elementor-element elementor-element-9e49469\" data-id=\"9e49469\" data-element_type=\"column\" data-e-type=\"column\">\n\t\t\t<div class=\"elementor-widget-wrap elementor-element-populated\">\n\t\t\t\t\t\t<div class=\"elementor-element elementor-element-3870399 elementor-widget elementor-widget-image\" data-id=\"3870399\" data-element_type=\"widget\" data-e-type=\"widget\" data-widget_type=\"image.default\">\n\t\t\t\t<div class=\"elementor-widget-container\">\n\t\t\t\t\t\t\t\t\t\t\t\t\t\t\t\t<a href=\"https:\/\/www.iessansebastian.com\/web\/wp-content\/uploads\/2025\/06\/EXAMENES-Septiembre-2025.pdf\">\n\t\t\t\t\t\t\t<img decoding=\"async\" width=\"300\" height=\"165\" src=\"https:\/\/www.iessansebastian.com\/web\/wp-content\/uploads\/2025\/07\/examenes-septiembre-300x165.png\" class=\"attachment-medium size-medium wp-image-10587\" alt=\"\" srcset=\"https:\/\/www.iessansebastian.com\/web\/wp-content\/uploads\/2025\/07\/examenes-septiembre-300x165.png 300w, https:\/\/www.iessansebastian.com\/web\/wp-content\/uploads\/2025\/07\/examenes-septiembre.png 488w\" sizes=\"(max-width: 300px) 100vw, 300px\" \/>\t\t\t\t\t\t\t\t<\/a>\n\t\t\t\t\t\t\t\t\t\t\t\t\t\t\t<\/div>\n\t\t\t\t<\/div>\n\t\t\t\t\t<\/div>\n\t\t<\/div>\n\t\t\t\t\t<\/div>\n\t\t<\/section>\n\t\t\t\t<section class=\"elementor-section elementor-top-section elementor-element elementor-element-4ddc932 elementor-section-boxed elementor-section-height-default elementor-section-height-default\" data-id=\"4ddc932\" data-element_type=\"section\" data-e-type=\"section\">\n\t\t\t\t\t\t<div class=\"elementor-container elementor-column-gap-default\">\n\t\t\t\t\t<div class=\"elementor-column elementor-col-100 elementor-top-column elementor-element elementor-element-c894ebc\" data-id=\"c894ebc\" data-element_type=\"column\" data-e-type=\"column\">\n\t\t\t<div class=\"elementor-widget-wrap elementor-element-populated\">\n\t\t\t\t\t\t<div class=\"elementor-element elementor-element-8db55eb elementor-widget elementor-widget-spacer\" data-id=\"8db55eb\" data-element_type=\"widget\" data-e-type=\"widget\" data-widget_type=\"spacer.default\">\n\t\t\t\t<div class=\"elementor-widget-container\">\n\t\t\t\t\t\t\t<div class=\"elementor-spacer\">\n\t\t\t<div class=\"elementor-spacer-inner\"><\/div>\n\t\t<\/div>\n\t\t\t\t\t\t<\/div>\n\t\t\t\t<\/div>\n\t\t\t\t\t<\/div>\n\t\t<\/div>\n\t\t\t\t\t<\/div>\n\t\t<\/section>\n\t\t\t\t<\/div>\n\t\t","protected":false},"excerpt":{"rendered":"<p>\u00a0 A continuaci\u00f3n, puedes ver el itinerario de 1\u00ba y 2\u00ba de Bachillerato del IES San Sebasti\u00e1n, junto con las optativas que ofrecemos: CIENCIAS Y TECNOLOG\u00cdA 1\u00ba Bachillerato Materias generales [&hellip;]<\/p>\n","protected":false},"author":1,"featured_media":0,"parent":0,"menu_order":0,"comment_status":"closed","ping_status":"closed","template":"","meta":{"ocean_post_layout":"","ocean_both_sidebars_style":"","ocean_both_sidebars_content_width":0,"ocean_both_sidebars_sidebars_width":0,"ocean_sidebar":"0","ocean_second_sidebar":"0","ocean_disable_margins":"on","ocean_add_body_class":"","ocean_shortcode_before_top_bar":"","ocean_shortcode_after_top_bar":"","ocean_shortcode_before_header":"","ocean_shortcode_after_header":"","ocean_has_shortcode":"","ocean_shortcode_after_title":"","ocean_shortcode_before_footer_widgets":"","ocean_shortcode_after_footer_widgets":"","ocean_shortcode_before_footer_bottom":"","ocean_shortcode_after_footer_bottom":"","ocean_display_top_bar":"default","ocean_display_header":"default","ocean_header_style":"","ocean_center_header_left_menu":"0","ocean_custom_header_template":"0","ocean_custom_logo":0,"ocean_custom_retina_logo":0,"ocean_custom_logo_max_width":0,"ocean_custom_logo_tablet_max_width":0,"ocean_custom_logo_mobile_max_width":0,"ocean_custom_logo_max_height":0,"ocean_custom_logo_tablet_max_height":0,"ocean_custom_logo_mobile_max_height":0,"ocean_header_custom_menu":"0","ocean_menu_typo_font_family":"0","ocean_menu_typo_font_subset":"","ocean_menu_typo_font_size":0,"ocean_menu_typo_font_size_tablet":0,"ocean_menu_typo_font_size_mobile":0,"ocean_menu_typo_font_size_unit":"px","ocean_menu_typo_font_weight":"","ocean_menu_typo_font_weight_tablet":"","ocean_menu_typo_font_weight_mobile":"","ocean_menu_typo_transform":"","ocean_menu_typo_transform_tablet":"","ocean_menu_typo_transform_mobile":"","ocean_menu_typo_line_height":0,"ocean_menu_typo_line_height_tablet":0,"ocean_menu_typo_line_height_mobile":0,"ocean_menu_typo_line_height_unit":"","ocean_menu_typo_spacing":0,"ocean_menu_typo_spacing_tablet":0,"ocean_menu_typo_spacing_mobile":0,"ocean_menu_typo_spacing_unit":"","ocean_menu_link_color":"","ocean_menu_link_color_hover":"","ocean_menu_link_color_active":"","ocean_menu_link_background":"","ocean_menu_link_hover_background":"","ocean_menu_link_active_background":"","ocean_menu_social_links_bg":"","ocean_menu_social_hover_links_bg":"","ocean_menu_social_links_color":"","ocean_menu_social_hover_links_color":"","ocean_disable_title":"on","ocean_disable_heading":"default","ocean_post_title":"","ocean_post_subheading":"","ocean_post_title_style":"","ocean_post_title_background_color":"","ocean_post_title_background":0,"ocean_post_title_bg_image_position":"","ocean_post_title_bg_image_attachment":"","ocean_post_title_bg_image_repeat":"","ocean_post_title_bg_image_size":"","ocean_post_title_height":0,"ocean_post_title_bg_overlay":0.5,"ocean_post_title_bg_overlay_color":"","ocean_disable_breadcrumbs":"default","ocean_breadcrumbs_color":"","ocean_breadcrumbs_separator_color":"","ocean_breadcrumbs_links_color":"","ocean_breadcrumbs_links_hover_color":"","ocean_display_footer_widgets":"default","ocean_display_footer_bottom":"default","ocean_custom_footer_template":"0","footnotes":""},"class_list":["post-381","page","type-page","status-publish","hentry","entry"],"_links":{"self":[{"href":"https:\/\/www.iessansebastian.com\/web\/wp-json\/wp\/v2\/pages\/381","targetHints":{"allow":["GET"]}}],"collection":[{"href":"https:\/\/www.iessansebastian.com\/web\/wp-json\/wp\/v2\/pages"}],"about":[{"href":"https:\/\/www.iessansebastian.com\/web\/wp-json\/wp\/v2\/types\/page"}],"author":[{"embeddable":true,"href":"https:\/\/www.iessansebastian.com\/web\/wp-json\/wp\/v2\/users\/1"}],"replies":[{"embeddable":true,"href":"https:\/\/www.iessansebastian.com\/web\/wp-json\/wp\/v2\/comments?post=381"}],"version-history":[{"count":179,"href":"https:\/\/www.iessansebastian.com\/web\/wp-json\/wp\/v2\/pages\/381\/revisions"}],"predecessor-version":[{"id":10596,"href":"https:\/\/www.iessansebastian.com\/web\/wp-json\/wp\/v2\/pages\/381\/revisions\/10596"}],"wp:attachment":[{"href":"https:\/\/www.iessansebastian.com\/web\/wp-json\/wp\/v2\/media?parent=381"}],"curies":[{"name":"wp","href":"https:\/\/api.w.org\/{rel}","templated":true}]}}