{"id":403,"date":"2021-07-09T08:14:16","date_gmt":"2021-07-09T08:14:16","guid":{"rendered":"http:\/\/sansebastian.sietepuntosiete.es\/?page_id=403"},"modified":"2025-10-10T20:09:29","modified_gmt":"2025-10-10T18:09:29","slug":"c-f-g-s-de-administracion-y-finanzas","status":"publish","type":"page","link":"https:\/\/www.iessansebastian.com\/web\/c-f-g-s-de-administracion-y-finanzas\/","title":{"rendered":"C.F.G.S. DE ADMINISTRACI\u00d3N Y FINANZAS"},"content":{"rendered":"\t\t<div data-elementor-type=\"wp-page\" data-elementor-id=\"403\" class=\"elementor elementor-403\">\n\t\t\t\t\t\t<section class=\"elementor-section elementor-top-section elementor-element elementor-element-0c7b966 elementor-section-boxed elementor-section-height-default elementor-section-height-default\" data-id=\"0c7b966\" data-element_type=\"section\" data-e-type=\"section\">\n\t\t\t\t\t\t<div class=\"elementor-container elementor-column-gap-default\">\n\t\t\t\t\t<div class=\"elementor-column elementor-col-100 elementor-top-column elementor-element elementor-element-467c501\" data-id=\"467c501\" data-element_type=\"column\" data-e-type=\"column\">\n\t\t\t<div class=\"elementor-widget-wrap elementor-element-populated\">\n\t\t\t\t\t\t<div class=\"elementor-element elementor-element-403816c elementor-widget elementor-widget-image\" data-id=\"403816c\" data-element_type=\"widget\" data-e-type=\"widget\" data-widget_type=\"image.default\">\n\t\t\t\t<div class=\"elementor-widget-container\">\n\t\t\t\t\t\t\t\t\t\t\t\t\t\t\t<img decoding=\"async\" src=\"https:\/\/www.iessansebastian.com\/web\/wp-content\/uploads\/2022\/04\/CABECERACICLOADMON-scaled.jpg\" title=\"CABECERACICLOADMON\" alt=\"CABECERACICLOADMON\" loading=\"lazy\" \/>\t\t\t\t\t\t\t\t\t\t\t\t\t\t\t<\/div>\n\t\t\t\t<\/div>\n\t\t\t\t\t<\/div>\n\t\t<\/div>\n\t\t\t\t\t<\/div>\n\t\t<\/section>\n\t\t\t\t<section class=\"elementor-section elementor-top-section elementor-element elementor-element-152a179 elementor-section-boxed elementor-section-height-default elementor-section-height-default\" data-id=\"152a179\" data-element_type=\"section\" data-e-type=\"section\">\n\t\t\t\t\t\t<div class=\"elementor-container elementor-column-gap-default\">\n\t\t\t\t\t<div class=\"elementor-column elementor-col-100 elementor-top-column elementor-element elementor-element-303b6a1\" data-id=\"303b6a1\" data-element_type=\"column\" data-e-type=\"column\">\n\t\t\t<div class=\"elementor-widget-wrap elementor-element-populated\">\n\t\t\t\t\t\t<div class=\"elementor-element elementor-element-0580b30 elementor-widget elementor-widget-image\" data-id=\"0580b30\" data-element_type=\"widget\" data-e-type=\"widget\" data-widget_type=\"image.default\">\n\t\t\t\t<div class=\"elementor-widget-container\">\n\t\t\t\t\t\t\t\t\t\t\t\t\t\t\t<img fetchpriority=\"high\" decoding=\"async\" width=\"1024\" height=\"578\" src=\"https:\/\/www.iessansebastian.com\/web\/wp-content\/uploads\/2024\/07\/FPDUAL-IES-San-Sebastian-1024x578.jpg\" class=\"attachment-large size-large wp-image-9541\" alt=\"\" srcset=\"https:\/\/www.iessansebastian.com\/web\/wp-content\/uploads\/2024\/07\/FPDUAL-IES-San-Sebastian-1024x578.jpg 1024w, https:\/\/www.iessansebastian.com\/web\/wp-content\/uploads\/2024\/07\/FPDUAL-IES-San-Sebastian-300x169.jpg 300w, https:\/\/www.iessansebastian.com\/web\/wp-content\/uploads\/2024\/07\/FPDUAL-IES-San-Sebastian-768x434.jpg 768w, https:\/\/www.iessansebastian.com\/web\/wp-content\/uploads\/2024\/07\/FPDUAL-IES-San-Sebastian.jpg 1117w\" sizes=\"(max-width: 1024px) 100vw, 1024px\" \/>\t\t\t\t\t\t\t\t\t\t\t\t\t\t\t<\/div>\n\t\t\t\t<\/div>\n\t\t\t\t\t<\/div>\n\t\t<\/div>\n\t\t\t\t\t<\/div>\n\t\t<\/section>\n\t\t\t\t<section class=\"elementor-section elementor-top-section elementor-element elementor-element-0498609 elementor-section-boxed elementor-section-height-default elementor-section-height-default\" data-id=\"0498609\" data-element_type=\"section\" data-e-type=\"section\">\n\t\t\t\t\t\t<div class=\"elementor-container elementor-column-gap-default\">\n\t\t\t\t\t<div class=\"elementor-column elementor-col-100 elementor-top-column elementor-element elementor-element-e083342\" data-id=\"e083342\" data-element_type=\"column\" data-e-type=\"column\">\n\t\t\t<div class=\"elementor-widget-wrap elementor-element-populated\">\n\t\t\t\t\t\t<div class=\"elementor-element elementor-element-349520c elementor-widget elementor-widget-heading\" data-id=\"349520c\" data-element_type=\"widget\" data-e-type=\"widget\" data-widget_type=\"heading.default\">\n\t\t\t\t<div class=\"elementor-widget-container\">\n\t\t\t\t\t<h2 class=\"elementor-heading-title elementor-size-default\">T\u00e9cnico\/a Superior en Administraci\u00f3n y Finanzas<\/h2>\t\t\t\t<\/div>\n\t\t\t\t<\/div>\n\t\t\t\t\t<\/div>\n\t\t<\/div>\n\t\t\t\t\t<\/div>\n\t\t<\/section>\n\t\t\t\t<section class=\"elementor-section elementor-top-section elementor-element elementor-element-2ae9289 elementor-section-boxed elementor-section-height-default elementor-section-height-default\" data-id=\"2ae9289\" data-element_type=\"section\" data-e-type=\"section\">\n\t\t\t\t\t\t<div class=\"elementor-container elementor-column-gap-default\">\n\t\t\t\t\t<div class=\"elementor-column elementor-col-100 elementor-top-column elementor-element elementor-element-fb56dce\" data-id=\"fb56dce\" data-element_type=\"column\" data-e-type=\"column\">\n\t\t\t<div class=\"elementor-widget-wrap elementor-element-populated\">\n\t\t\t\t\t\t<div class=\"elementor-element elementor-element-7cd3d5e elementor-widget elementor-widget-text-editor\" data-id=\"7cd3d5e\" data-element_type=\"widget\" data-e-type=\"widget\" data-widget_type=\"text-editor.default\">\n\t\t\t\t<div class=\"elementor-widget-container\">\n\t\t\t\t\t\t\t\t\t<p>El IES San Sebasti\u00e1n oferta tres l\u00edneas de esta titulaci\u00f3n:<\/p><p>Grupo A: Se imparte el <strong>primer curso y segundo curso <\/strong>en horario de ma\u00f1ana (8:15 a 14:45) y en en r\u00e9gimen de oferta completa.<\/p><p>Grupos B y C: Se imparte el primer curso y segundo curso en horario de tarde (15:10 a 21:45) y en en r\u00e9gimen de oferta completa.<\/p><p>Al finalizar esta titulaci\u00f3n el alumno\/a adquirir\u00e1 la Competencia General relativa a:<\/p><p><strong><em>Organizar y ejecutar las operaciones de gesti\u00f3n y administraci\u00f3n en los procesos comerciales, laborales,contables, fiscales y financieros de una empresa p\u00fablica o privada, aplicando la normativa vigente y los protocolos de gesti\u00f3n de calidad, gestionando la informaci\u00f3n, asegurando la satisfacci\u00f3n del cliente y\/o usuario y actuando seg\u00fan las normas de prevenci\u00f3n de riesgos laborales y protecci\u00f3n medioambiental.<\/em><\/strong><\/p><p>\u00a0<\/p>\t\t\t\t\t\t\t\t<\/div>\n\t\t\t\t<\/div>\n\t\t\t\t\t<\/div>\n\t\t<\/div>\n\t\t\t\t\t<\/div>\n\t\t<\/section>\n\t\t\t\t<section class=\"elementor-section elementor-top-section elementor-element elementor-element-0f1b294 elementor-section-boxed elementor-section-height-default elementor-section-height-default\" data-id=\"0f1b294\" data-element_type=\"section\" data-e-type=\"section\">\n\t\t\t\t\t\t<div class=\"elementor-container elementor-column-gap-default\">\n\t\t\t\t\t<div class=\"elementor-column elementor-col-100 elementor-top-column elementor-element elementor-element-5c10773\" data-id=\"5c10773\" data-element_type=\"column\" data-e-type=\"column\">\n\t\t\t<div class=\"elementor-widget-wrap elementor-element-populated\">\n\t\t\t\t\t\t<div class=\"elementor-element elementor-element-077c45c elementor-widget elementor-widget-image\" data-id=\"077c45c\" data-element_type=\"widget\" data-e-type=\"widget\" data-widget_type=\"image.default\">\n\t\t\t\t<div class=\"elementor-widget-container\">\n\t\t\t\t\t\t\t\t\t\t\t\t\t\t\t<img decoding=\"async\" width=\"1024\" height=\"746\" src=\"https:\/\/www.iessansebastian.com\/web\/wp-content\/uploads\/2024\/07\/Modulos_AFI-1024x746.jpg\" class=\"attachment-large size-large wp-image-9571\" alt=\"\" srcset=\"https:\/\/www.iessansebastian.com\/web\/wp-content\/uploads\/2024\/07\/Modulos_AFI-1024x746.jpg 1024w, https:\/\/www.iessansebastian.com\/web\/wp-content\/uploads\/2024\/07\/Modulos_AFI-300x218.jpg 300w, https:\/\/www.iessansebastian.com\/web\/wp-content\/uploads\/2024\/07\/Modulos_AFI-768x559.jpg 768w, https:\/\/www.iessansebastian.com\/web\/wp-content\/uploads\/2024\/07\/Modulos_AFI.jpg 1152w\" sizes=\"(max-width: 1024px) 100vw, 1024px\" \/>\t\t\t\t\t\t\t\t\t\t\t\t\t\t\t<\/div>\n\t\t\t\t<\/div>\n\t\t\t\t\t<\/div>\n\t\t<\/div>\n\t\t\t\t\t<\/div>\n\t\t<\/section>\n\t\t\t\t<section class=\"elementor-section elementor-top-section elementor-element elementor-element-66e874d elementor-section-boxed elementor-section-height-default elementor-section-height-default\" data-id=\"66e874d\" data-element_type=\"section\" data-e-type=\"section\">\n\t\t\t\t\t\t<div class=\"elementor-container elementor-column-gap-default\">\n\t\t\t\t\t<div class=\"elementor-column elementor-col-100 elementor-top-column elementor-element elementor-element-0039455\" data-id=\"0039455\" data-element_type=\"column\" data-e-type=\"column\">\n\t\t\t<div class=\"elementor-widget-wrap elementor-element-populated\">\n\t\t\t\t\t\t<div class=\"elementor-element elementor-element-e6dc23e elementor-widget elementor-widget-text-editor\" data-id=\"e6dc23e\" data-element_type=\"widget\" data-e-type=\"widget\" data-widget_type=\"text-editor.default\">\n\t\t\t\t<div class=\"elementor-widget-container\">\n\t\t\t\t\t\t\t\t\t<p><a href=\"https:\/\/www.juntadeandalucia.es\/educacion\/portales\/web\/formacion-profesional-andaluza\/grado-superior-catalogo-de-titulos\"><span style=\"font-size: 21px; font-weight: 600;\"><span style=\"font-size: 21px; color: #993300;\">M\u00e1s informaci\u00f3n<\/span><\/span><\/a><\/p>\t\t\t\t\t\t\t\t<\/div>\n\t\t\t\t<\/div>\n\t\t\t\t\t<\/div>\n\t\t<\/div>\n\t\t\t\t\t<\/div>\n\t\t<\/section>\n\t\t\t\t<\/div>\n\t\t","protected":false},"excerpt":{"rendered":"<p>T\u00e9cnico\/a Superior en Administraci\u00f3n y Finanzas El IES San Sebasti\u00e1n oferta tres l\u00edneas de esta titulaci\u00f3n: Grupo A: Se imparte el primer curso y segundo curso en horario de ma\u00f1ana [&hellip;]<\/p>\n","protected":false},"author":1,"featured_media":0,"parent":0,"menu_order":0,"comment_status":"closed","ping_status":"closed","template":"","meta":{"ocean_post_layout":"","ocean_both_sidebars_style":"","ocean_both_sidebars_content_width":0,"ocean_both_sidebars_sidebars_width":0,"ocean_sidebar":"0","ocean_second_sidebar":"0","ocean_disable_margins":"on","ocean_add_body_class":"","ocean_shortcode_before_top_bar":"","ocean_shortcode_after_top_bar":"","ocean_shortcode_before_header":"","ocean_shortcode_after_header":"","ocean_has_shortcode":"","ocean_shortcode_after_title":"","ocean_shortcode_before_footer_widgets":"","ocean_shortcode_after_footer_widgets":"","ocean_shortcode_before_footer_bottom":"","ocean_shortcode_after_footer_bottom":"","ocean_display_top_bar":"default","ocean_display_header":"default","ocean_header_style":"","ocean_center_header_left_menu":"0","ocean_custom_header_template":"0","ocean_custom_logo":0,"ocean_custom_retina_logo":0,"ocean_custom_logo_max_width":0,"ocean_custom_logo_tablet_max_width":0,"ocean_custom_logo_mobile_max_width":0,"ocean_custom_logo_max_height":0,"ocean_custom_logo_tablet_max_height":0,"ocean_custom_logo_mobile_max_height":0,"ocean_header_custom_menu":"0","ocean_menu_typo_font_family":"0","ocean_menu_typo_font_subset":"","ocean_menu_typo_font_size":0,"ocean_menu_typo_font_size_tablet":0,"ocean_menu_typo_font_size_mobile":0,"ocean_menu_typo_font_size_unit":"px","ocean_menu_typo_font_weight":"","ocean_menu_typo_font_weight_tablet":"","ocean_menu_typo_font_weight_mobile":"","ocean_menu_typo_transform":"","ocean_menu_typo_transform_tablet":"","ocean_menu_typo_transform_mobile":"","ocean_menu_typo_line_height":0,"ocean_menu_typo_line_height_tablet":0,"ocean_menu_typo_line_height_mobile":0,"ocean_menu_typo_line_height_unit":"","ocean_menu_typo_spacing":0,"ocean_menu_typo_spacing_tablet":0,"ocean_menu_typo_spacing_mobile":0,"ocean_menu_typo_spacing_unit":"","ocean_menu_link_color":"","ocean_menu_link_color_hover":"","ocean_menu_link_color_active":"","ocean_menu_link_background":"","ocean_menu_link_hover_background":"","ocean_menu_link_active_background":"","ocean_menu_social_links_bg":"","ocean_menu_social_hover_links_bg":"","ocean_menu_social_links_color":"","ocean_menu_social_hover_links_color":"","ocean_disable_title":"on","ocean_disable_heading":"default","ocean_post_title":"","ocean_post_subheading":"","ocean_post_title_style":"","ocean_post_title_background_color":"","ocean_post_title_background":0,"ocean_post_title_bg_image_position":"","ocean_post_title_bg_image_attachment":"","ocean_post_title_bg_image_repeat":"","ocean_post_title_bg_image_size":"","ocean_post_title_height":0,"ocean_post_title_bg_overlay":0.5,"ocean_post_title_bg_overlay_color":"","ocean_disable_breadcrumbs":"default","ocean_breadcrumbs_color":"","ocean_breadcrumbs_separator_color":"","ocean_breadcrumbs_links_color":"","ocean_breadcrumbs_links_hover_color":"","ocean_display_footer_widgets":"default","ocean_display_footer_bottom":"default","ocean_custom_footer_template":"0","footnotes":""},"class_list":["post-403","page","type-page","status-publish","hentry","entry"],"_links":{"self":[{"href":"https:\/\/www.iessansebastian.com\/web\/wp-json\/wp\/v2\/pages\/403","targetHints":{"allow":["GET"]}}],"collection":[{"href":"https:\/\/www.iessansebastian.com\/web\/wp-json\/wp\/v2\/pages"}],"about":[{"href":"https:\/\/www.iessansebastian.com\/web\/wp-json\/wp\/v2\/types\/page"}],"author":[{"embeddable":true,"href":"https:\/\/www.iessansebastian.com\/web\/wp-json\/wp\/v2\/users\/1"}],"replies":[{"embeddable":true,"href":"https:\/\/www.iessansebastian.com\/web\/wp-json\/wp\/v2\/comments?post=403"}],"version-history":[{"count":37,"href":"https:\/\/www.iessansebastian.com\/web\/wp-json\/wp\/v2\/pages\/403\/revisions"}],"predecessor-version":[{"id":10752,"href":"https:\/\/www.iessansebastian.com\/web\/wp-json\/wp\/v2\/pages\/403\/revisions\/10752"}],"wp:attachment":[{"href":"https:\/\/www.iessansebastian.com\/web\/wp-json\/wp\/v2\/media?parent=403"}],"curies":[{"name":"wp","href":"https:\/\/api.w.org\/{rel}","templated":true}]}}