{"id":405,"date":"2021-07-09T08:14:35","date_gmt":"2021-07-09T08:14:35","guid":{"rendered":"http:\/\/sansebastian.sietepuntosiete.es\/?page_id=405"},"modified":"2025-10-10T19:40:24","modified_gmt":"2025-10-10T17:40:24","slug":"c-f-g-s-de-gestion-de-ventas-y-espacios-comerciales","status":"publish","type":"page","link":"https:\/\/www.iessansebastian.com\/web\/c-f-g-s-de-gestion-de-ventas-y-espacios-comerciales\/","title":{"rendered":"C.F.G.S. DE GESTI\u00d3N DE VENTAS Y ESPACIOS COMERCIALES"},"content":{"rendered":"\t\t<div data-elementor-type=\"wp-page\" data-elementor-id=\"405\" class=\"elementor elementor-405\">\n\t\t\t\t\t\t<section class=\"elementor-section elementor-top-section elementor-element elementor-element-6add76b elementor-section-boxed elementor-section-height-default elementor-section-height-default\" data-id=\"6add76b\" data-element_type=\"section\" data-e-type=\"section\">\n\t\t\t\t\t\t<div class=\"elementor-container elementor-column-gap-default\">\n\t\t\t\t\t<div class=\"elementor-column elementor-col-100 elementor-top-column elementor-element elementor-element-31feb16\" data-id=\"31feb16\" data-element_type=\"column\" data-e-type=\"column\">\n\t\t\t<div class=\"elementor-widget-wrap elementor-element-populated\">\n\t\t\t\t\t\t<div class=\"elementor-element elementor-element-2dca618 elementor-widget elementor-widget-image\" data-id=\"2dca618\" data-element_type=\"widget\" data-e-type=\"widget\" data-widget_type=\"image.default\">\n\t\t\t\t<div class=\"elementor-widget-container\">\n\t\t\t\t\t\t\t\t\t\t\t\t\t\t\t<img fetchpriority=\"high\" decoding=\"async\" width=\"2278\" height=\"774\" src=\"https:\/\/www.iessansebastian.com\/web\/wp-content\/uploads\/2022\/03\/gestiondeventasyespacioscomercialesF.jpg\" class=\"attachment-full size-full wp-image-4005\" alt=\"\" srcset=\"https:\/\/www.iessansebastian.com\/web\/wp-content\/uploads\/2022\/03\/gestiondeventasyespacioscomercialesF.jpg 2278w, https:\/\/www.iessansebastian.com\/web\/wp-content\/uploads\/2022\/03\/gestiondeventasyespacioscomercialesF-300x102.jpg 300w, https:\/\/www.iessansebastian.com\/web\/wp-content\/uploads\/2022\/03\/gestiondeventasyespacioscomercialesF-1024x348.jpg 1024w, https:\/\/www.iessansebastian.com\/web\/wp-content\/uploads\/2022\/03\/gestiondeventasyespacioscomercialesF-768x261.jpg 768w, https:\/\/www.iessansebastian.com\/web\/wp-content\/uploads\/2022\/03\/gestiondeventasyespacioscomercialesF-1536x522.jpg 1536w, https:\/\/www.iessansebastian.com\/web\/wp-content\/uploads\/2022\/03\/gestiondeventasyespacioscomercialesF-2048x696.jpg 2048w\" sizes=\"(max-width: 2278px) 100vw, 2278px\" \/>\t\t\t\t\t\t\t\t\t\t\t\t\t\t\t<\/div>\n\t\t\t\t<\/div>\n\t\t\t\t\t<\/div>\n\t\t<\/div>\n\t\t\t\t\t<\/div>\n\t\t<\/section>\n\t\t\t\t<section class=\"elementor-section elementor-top-section elementor-element elementor-element-bd5a1fc elementor-section-boxed elementor-section-height-default elementor-section-height-default\" data-id=\"bd5a1fc\" data-element_type=\"section\" data-e-type=\"section\">\n\t\t\t\t\t\t<div class=\"elementor-container elementor-column-gap-default\">\n\t\t\t\t\t<div class=\"elementor-column elementor-col-100 elementor-top-column elementor-element elementor-element-5a0e03e\" data-id=\"5a0e03e\" data-element_type=\"column\" data-e-type=\"column\">\n\t\t\t<div class=\"elementor-widget-wrap elementor-element-populated\">\n\t\t\t\t\t\t<div class=\"elementor-element elementor-element-93b9017 elementor-widget elementor-widget-image\" data-id=\"93b9017\" data-element_type=\"widget\" data-e-type=\"widget\" data-widget_type=\"image.default\">\n\t\t\t\t<div class=\"elementor-widget-container\">\n\t\t\t\t\t\t\t\t\t\t\t\t\t\t\t<img decoding=\"async\" width=\"1024\" height=\"578\" src=\"https:\/\/www.iessansebastian.com\/web\/wp-content\/uploads\/2024\/07\/FPDUAL-IES-San-Sebastian-1024x578.jpg\" class=\"attachment-large size-large wp-image-9541\" alt=\"\" srcset=\"https:\/\/www.iessansebastian.com\/web\/wp-content\/uploads\/2024\/07\/FPDUAL-IES-San-Sebastian-1024x578.jpg 1024w, https:\/\/www.iessansebastian.com\/web\/wp-content\/uploads\/2024\/07\/FPDUAL-IES-San-Sebastian-300x169.jpg 300w, https:\/\/www.iessansebastian.com\/web\/wp-content\/uploads\/2024\/07\/FPDUAL-IES-San-Sebastian-768x434.jpg 768w, https:\/\/www.iessansebastian.com\/web\/wp-content\/uploads\/2024\/07\/FPDUAL-IES-San-Sebastian.jpg 1117w\" sizes=\"(max-width: 1024px) 100vw, 1024px\" \/>\t\t\t\t\t\t\t\t\t\t\t\t\t\t\t<\/div>\n\t\t\t\t<\/div>\n\t\t\t\t\t<\/div>\n\t\t<\/div>\n\t\t\t\t\t<\/div>\n\t\t<\/section>\n\t\t\t\t<section class=\"elementor-section elementor-top-section elementor-element elementor-element-9bfc19c elementor-section-boxed elementor-section-height-default elementor-section-height-default\" data-id=\"9bfc19c\" data-element_type=\"section\" data-e-type=\"section\">\n\t\t\t\t\t\t<div class=\"elementor-container elementor-column-gap-default\">\n\t\t\t\t\t<div class=\"elementor-column elementor-col-100 elementor-top-column elementor-element elementor-element-bfabaf0\" data-id=\"bfabaf0\" data-element_type=\"column\" data-e-type=\"column\">\n\t\t\t<div class=\"elementor-widget-wrap elementor-element-populated\">\n\t\t\t\t\t\t<div class=\"elementor-element elementor-element-f80cd20 elementor-widget elementor-widget-heading\" data-id=\"f80cd20\" data-element_type=\"widget\" data-e-type=\"widget\" data-widget_type=\"heading.default\">\n\t\t\t\t<div class=\"elementor-widget-container\">\n\t\t\t\t\t<h2 class=\"elementor-heading-title elementor-size-default\">T\u00e9cnico\/a Superior en Gesti\u00f3n de Ventas y Espacios Comerciales<\/h2>\t\t\t\t<\/div>\n\t\t\t\t<\/div>\n\t\t\t\t\t<\/div>\n\t\t<\/div>\n\t\t\t\t\t<\/div>\n\t\t<\/section>\n\t\t\t\t<section class=\"elementor-section elementor-top-section elementor-element elementor-element-b9d7473 elementor-section-boxed elementor-section-height-default elementor-section-height-default\" data-id=\"b9d7473\" data-element_type=\"section\" data-e-type=\"section\">\n\t\t\t\t\t\t<div class=\"elementor-container elementor-column-gap-default\">\n\t\t\t\t\t<div class=\"elementor-column elementor-col-100 elementor-top-column elementor-element elementor-element-849d6f0\" data-id=\"849d6f0\" data-element_type=\"column\" data-e-type=\"column\">\n\t\t\t<div class=\"elementor-widget-wrap elementor-element-populated\">\n\t\t\t\t\t\t<div class=\"elementor-element elementor-element-7b1302c elementor-widget elementor-widget-text-editor\" data-id=\"7b1302c\" data-element_type=\"widget\" data-e-type=\"widget\" data-widget_type=\"text-editor.default\">\n\t\t\t\t<div class=\"elementor-widget-container\">\n\t\t\t\t\t\t\t\t\t<p>Este ciclo formativo se imparte el <strong>primer curso y segundo curso<\/strong> en horario de tarde (15:10 a 21:45) en r\u00e9gimen de oferta completa.<\/p><p>Al finalizar esta titulaci\u00f3n el alumno\/a adquirir\u00e1 la Competencia General relativa a:<\/p><p><strong><em>Gestionar las operaciones comerciales de compraventa y distribuci\u00f3n de productos y servicios, y organizar la implantaci\u00f3n y animaci\u00f3n de espacios comerciales seg\u00fan criterios de calidad, seguridad y prevenci\u00f3n de riesgos, aplicando la normativa vigente.<br \/><\/em><\/strong><\/p><p>\u00a0<\/p>\t\t\t\t\t\t\t\t<\/div>\n\t\t\t\t<\/div>\n\t\t\t\t\t<\/div>\n\t\t<\/div>\n\t\t\t\t\t<\/div>\n\t\t<\/section>\n\t\t\t\t<section class=\"elementor-section elementor-top-section elementor-element elementor-element-66d4b73 elementor-section-boxed elementor-section-height-default elementor-section-height-default\" data-id=\"66d4b73\" data-element_type=\"section\" data-e-type=\"section\">\n\t\t\t\t\t\t<div class=\"elementor-container elementor-column-gap-default\">\n\t\t\t\t\t<div class=\"elementor-column elementor-col-100 elementor-top-column elementor-element elementor-element-d3ed77d\" data-id=\"d3ed77d\" data-element_type=\"column\" data-e-type=\"column\">\n\t\t\t<div class=\"elementor-widget-wrap elementor-element-populated\">\n\t\t\t\t\t\t<div class=\"elementor-element elementor-element-3903102 elementor-widget elementor-widget-image\" data-id=\"3903102\" data-element_type=\"widget\" data-e-type=\"widget\" data-widget_type=\"image.default\">\n\t\t\t\t<div class=\"elementor-widget-container\">\n\t\t\t\t\t\t\t\t\t\t\t\t\t\t\t<img decoding=\"async\" width=\"1024\" height=\"757\" src=\"https:\/\/www.iessansebastian.com\/web\/wp-content\/uploads\/2024\/07\/Modulos_GVEC-1024x757.jpg\" class=\"attachment-large size-large wp-image-9566\" alt=\"\" srcset=\"https:\/\/www.iessansebastian.com\/web\/wp-content\/uploads\/2024\/07\/Modulos_GVEC-1024x757.jpg 1024w, https:\/\/www.iessansebastian.com\/web\/wp-content\/uploads\/2024\/07\/Modulos_GVEC-300x222.jpg 300w, https:\/\/www.iessansebastian.com\/web\/wp-content\/uploads\/2024\/07\/Modulos_GVEC-768x568.jpg 768w, https:\/\/www.iessansebastian.com\/web\/wp-content\/uploads\/2024\/07\/Modulos_GVEC.jpg 1115w\" sizes=\"(max-width: 1024px) 100vw, 1024px\" \/>\t\t\t\t\t\t\t\t\t\t\t\t\t\t\t<\/div>\n\t\t\t\t<\/div>\n\t\t\t\t\t<\/div>\n\t\t<\/div>\n\t\t\t\t\t<\/div>\n\t\t<\/section>\n\t\t\t\t<section class=\"elementor-section elementor-top-section elementor-element elementor-element-6adcdb0 elementor-section-boxed elementor-section-height-default elementor-section-height-default\" data-id=\"6adcdb0\" data-element_type=\"section\" data-e-type=\"section\">\n\t\t\t\t\t\t<div class=\"elementor-container elementor-column-gap-default\">\n\t\t\t\t\t<div class=\"elementor-column elementor-col-100 elementor-top-column elementor-element elementor-element-e625e7d\" data-id=\"e625e7d\" data-element_type=\"column\" data-e-type=\"column\">\n\t\t\t<div class=\"elementor-widget-wrap elementor-element-populated\">\n\t\t\t\t\t\t<div class=\"elementor-element elementor-element-f3b85e8 elementor-widget elementor-widget-text-editor\" data-id=\"f3b85e8\" data-element_type=\"widget\" data-e-type=\"widget\" data-widget_type=\"text-editor.default\">\n\t\t\t\t<div class=\"elementor-widget-container\">\n\t\t\t\t\t\t\t\t\t<p><a href=\"https:\/\/www.juntadeandalucia.es\/educacion\/portales\/web\/formacion-profesional-andaluza\/grado-medio-catalogo-de-titulos\"><span style=\"font-size: 21px; font-weight: 600;\"><span style=\"font-size: 21px; color: #993300;\">M\u00e1s informaci\u00f3n<\/span><\/span><\/a><\/p>\t\t\t\t\t\t\t\t<\/div>\n\t\t\t\t<\/div>\n\t\t\t\t\t<\/div>\n\t\t<\/div>\n\t\t\t\t\t<\/div>\n\t\t<\/section>\n\t\t\t\t<\/div>\n\t\t","protected":false},"excerpt":{"rendered":"<p>T\u00e9cnico\/a Superior en Gesti\u00f3n de Ventas y Espacios Comerciales Este ciclo formativo se imparte el primer curso y segundo curso en horario de tarde (15:10 a 21:45) en r\u00e9gimen de [&hellip;]<\/p>\n","protected":false},"author":1,"featured_media":0,"parent":0,"menu_order":0,"comment_status":"closed","ping_status":"closed","template":"","meta":{"ocean_post_layout":"","ocean_both_sidebars_style":"","ocean_both_sidebars_content_width":0,"ocean_both_sidebars_sidebars_width":0,"ocean_sidebar":"0","ocean_second_sidebar":"0","ocean_disable_margins":"on","ocean_add_body_class":"","ocean_shortcode_before_top_bar":"","ocean_shortcode_after_top_bar":"","ocean_shortcode_before_header":"","ocean_shortcode_after_header":"","ocean_has_shortcode":"","ocean_shortcode_after_title":"","ocean_shortcode_before_footer_widgets":"","ocean_shortcode_after_footer_widgets":"","ocean_shortcode_before_footer_bottom":"","ocean_shortcode_after_footer_bottom":"","ocean_display_top_bar":"default","ocean_display_header":"default","ocean_header_style":"","ocean_center_header_left_menu":"0","ocean_custom_header_template":"0","ocean_custom_logo":0,"ocean_custom_retina_logo":0,"ocean_custom_logo_max_width":0,"ocean_custom_logo_tablet_max_width":0,"ocean_custom_logo_mobile_max_width":0,"ocean_custom_logo_max_height":0,"ocean_custom_logo_tablet_max_height":0,"ocean_custom_logo_mobile_max_height":0,"ocean_header_custom_menu":"0","ocean_menu_typo_font_family":"0","ocean_menu_typo_font_subset":"","ocean_menu_typo_font_size":0,"ocean_menu_typo_font_size_tablet":0,"ocean_menu_typo_font_size_mobile":0,"ocean_menu_typo_font_size_unit":"px","ocean_menu_typo_font_weight":"","ocean_menu_typo_font_weight_tablet":"","ocean_menu_typo_font_weight_mobile":"","ocean_menu_typo_transform":"","ocean_menu_typo_transform_tablet":"","ocean_menu_typo_transform_mobile":"","ocean_menu_typo_line_height":0,"ocean_menu_typo_line_height_tablet":0,"ocean_menu_typo_line_height_mobile":0,"ocean_menu_typo_line_height_unit":"","ocean_menu_typo_spacing":0,"ocean_menu_typo_spacing_tablet":0,"ocean_menu_typo_spacing_mobile":0,"ocean_menu_typo_spacing_unit":"","ocean_menu_link_color":"","ocean_menu_link_color_hover":"","ocean_menu_link_color_active":"","ocean_menu_link_background":"","ocean_menu_link_hover_background":"","ocean_menu_link_active_background":"","ocean_menu_social_links_bg":"","ocean_menu_social_hover_links_bg":"","ocean_menu_social_links_color":"","ocean_menu_social_hover_links_color":"","ocean_disable_title":"on","ocean_disable_heading":"default","ocean_post_title":"","ocean_post_subheading":"","ocean_post_title_style":"","ocean_post_title_background_color":"","ocean_post_title_background":0,"ocean_post_title_bg_image_position":"","ocean_post_title_bg_image_attachment":"","ocean_post_title_bg_image_repeat":"","ocean_post_title_bg_image_size":"","ocean_post_title_height":0,"ocean_post_title_bg_overlay":0.5,"ocean_post_title_bg_overlay_color":"","ocean_disable_breadcrumbs":"default","ocean_breadcrumbs_color":"","ocean_breadcrumbs_separator_color":"","ocean_breadcrumbs_links_color":"","ocean_breadcrumbs_links_hover_color":"","ocean_display_footer_widgets":"default","ocean_display_footer_bottom":"default","ocean_custom_footer_template":"0","footnotes":""},"class_list":["post-405","page","type-page","status-publish","hentry","entry"],"_links":{"self":[{"href":"https:\/\/www.iessansebastian.com\/web\/wp-json\/wp\/v2\/pages\/405","targetHints":{"allow":["GET"]}}],"collection":[{"href":"https:\/\/www.iessansebastian.com\/web\/wp-json\/wp\/v2\/pages"}],"about":[{"href":"https:\/\/www.iessansebastian.com\/web\/wp-json\/wp\/v2\/types\/page"}],"author":[{"embeddable":true,"href":"https:\/\/www.iessansebastian.com\/web\/wp-json\/wp\/v2\/users\/1"}],"replies":[{"embeddable":true,"href":"https:\/\/www.iessansebastian.com\/web\/wp-json\/wp\/v2\/comments?post=405"}],"version-history":[{"count":28,"href":"https:\/\/www.iessansebastian.com\/web\/wp-json\/wp\/v2\/pages\/405\/revisions"}],"predecessor-version":[{"id":10746,"href":"https:\/\/www.iessansebastian.com\/web\/wp-json\/wp\/v2\/pages\/405\/revisions\/10746"}],"wp:attachment":[{"href":"https:\/\/www.iessansebastian.com\/web\/wp-json\/wp\/v2\/media?parent=405"}],"curies":[{"name":"wp","href":"https:\/\/api.w.org\/{rel}","templated":true}]}}