{"id":4212,"date":"2022-03-17T08:53:04","date_gmt":"2022-03-17T08:53:04","guid":{"rendered":"http:\/\/sansebastian.sietepuntosiete.es\/?page_id=4212"},"modified":"2025-06-11T13:40:48","modified_gmt":"2025-06-11T11:40:48","slug":"certificados-de-profesionalidad","status":"publish","type":"page","link":"https:\/\/www.iessansebastian.com\/web\/certificados-de-profesionalidad\/","title":{"rendered":"CERTIFICADOS DE PROFESIONALIDAD"},"content":{"rendered":"\t\t<div data-elementor-type=\"wp-page\" data-elementor-id=\"4212\" class=\"elementor elementor-4212\">\n\t\t\t\t\t\t<section class=\"elementor-section elementor-top-section elementor-element elementor-element-71b94c6 elementor-section-boxed elementor-section-height-default elementor-section-height-default\" data-id=\"71b94c6\" data-element_type=\"section\" data-e-type=\"section\">\n\t\t\t\t\t\t<div class=\"elementor-container elementor-column-gap-default\">\n\t\t\t\t\t<div class=\"elementor-column elementor-col-100 elementor-top-column elementor-element elementor-element-855345a\" data-id=\"855345a\" data-element_type=\"column\" data-e-type=\"column\">\n\t\t\t<div class=\"elementor-widget-wrap elementor-element-populated\">\n\t\t\t\t\t\t<div class=\"elementor-element elementor-element-3261c2c elementor-widget elementor-widget-image\" data-id=\"3261c2c\" data-element_type=\"widget\" data-e-type=\"widget\" data-widget_type=\"image.default\">\n\t\t\t\t<div class=\"elementor-widget-container\">\n\t\t\t\t\t\t\t\t\t\t\t\t\t\t\t<img fetchpriority=\"high\" decoding=\"async\" width=\"400\" height=\"192\" src=\"https:\/\/www.iessansebastian.com\/web\/wp-content\/uploads\/2022\/03\/cabeceracertificadosdeprofesionalidad2.png\" class=\"attachment-full size-full wp-image-4734\" alt=\"\" srcset=\"https:\/\/www.iessansebastian.com\/web\/wp-content\/uploads\/2022\/03\/cabeceracertificadosdeprofesionalidad2.png 400w, https:\/\/www.iessansebastian.com\/web\/wp-content\/uploads\/2022\/03\/cabeceracertificadosdeprofesionalidad2-300x144.png 300w\" sizes=\"(max-width: 400px) 100vw, 400px\" \/>\t\t\t\t\t\t\t\t\t\t\t\t\t\t\t<\/div>\n\t\t\t\t<\/div>\n\t\t\t\t\t<\/div>\n\t\t<\/div>\n\t\t\t\t\t<\/div>\n\t\t<\/section>\n\t\t\t\t<section class=\"elementor-section elementor-top-section elementor-element elementor-element-ee5db39 elementor-section-boxed elementor-section-height-default elementor-section-height-default\" data-id=\"ee5db39\" data-element_type=\"section\" data-e-type=\"section\">\n\t\t\t\t\t\t<div class=\"elementor-container elementor-column-gap-default\">\n\t\t\t\t\t<div class=\"elementor-column elementor-col-100 elementor-top-column elementor-element elementor-element-d4f546a\" data-id=\"d4f546a\" data-element_type=\"column\" data-e-type=\"column\">\n\t\t\t<div class=\"elementor-widget-wrap elementor-element-populated\">\n\t\t\t\t\t\t<div class=\"elementor-element elementor-element-a0ac7f9 elementor-widget elementor-widget-heading\" data-id=\"a0ac7f9\" data-element_type=\"widget\" data-e-type=\"widget\" data-widget_type=\"heading.default\">\n\t\t\t\t<div class=\"elementor-widget-container\">\n\t\t\t\t\t<h2 class=\"elementor-heading-title elementor-size-default\">CERTIFICADOS DE PROFESIONALIDAD<\/h2>\t\t\t\t<\/div>\n\t\t\t\t<\/div>\n\t\t\t\t\t<\/div>\n\t\t<\/div>\n\t\t\t\t\t<\/div>\n\t\t<\/section>\n\t\t\t\t<section class=\"elementor-section elementor-top-section elementor-element elementor-element-e2988f0 elementor-section-boxed elementor-section-height-default elementor-section-height-default\" data-id=\"e2988f0\" data-element_type=\"section\" data-e-type=\"section\">\n\t\t\t\t\t\t<div class=\"elementor-container elementor-column-gap-default\">\n\t\t\t\t\t<div class=\"elementor-column elementor-col-33 elementor-top-column elementor-element elementor-element-95b2bf8\" data-id=\"95b2bf8\" data-element_type=\"column\" data-e-type=\"column\">\n\t\t\t<div class=\"elementor-widget-wrap elementor-element-populated\">\n\t\t\t\t\t\t<div class=\"elementor-element elementor-element-743c966 elementor-widget elementor-widget-image\" data-id=\"743c966\" data-element_type=\"widget\" data-e-type=\"widget\" data-widget_type=\"image.default\">\n\t\t\t\t<div class=\"elementor-widget-container\">\n\t\t\t\t\t\t\t\t\t\t\t\t\t\t\t<img decoding=\"async\" width=\"724\" height=\"1024\" src=\"https:\/\/www.iessansebastian.com\/web\/wp-content\/uploads\/2025\/04\/IFCT0309-724x1024.png\" class=\"attachment-large size-large wp-image-10192\" alt=\"\" srcset=\"https:\/\/www.iessansebastian.com\/web\/wp-content\/uploads\/2025\/04\/IFCT0309-724x1024.png 724w, https:\/\/www.iessansebastian.com\/web\/wp-content\/uploads\/2025\/04\/IFCT0309-212x300.png 212w, https:\/\/www.iessansebastian.com\/web\/wp-content\/uploads\/2025\/04\/IFCT0309-768x1086.png 768w, https:\/\/www.iessansebastian.com\/web\/wp-content\/uploads\/2025\/04\/IFCT0309-1086x1536.png 1086w, https:\/\/www.iessansebastian.com\/web\/wp-content\/uploads\/2025\/04\/IFCT0309-1448x2048.png 1448w, https:\/\/www.iessansebastian.com\/web\/wp-content\/uploads\/2025\/04\/IFCT0309.png 1587w\" sizes=\"(max-width: 724px) 100vw, 724px\" \/>\t\t\t\t\t\t\t\t\t\t\t\t\t\t\t<\/div>\n\t\t\t\t<\/div>\n\t\t\t\t\t<\/div>\n\t\t<\/div>\n\t\t\t\t<div class=\"elementor-column elementor-col-33 elementor-top-column elementor-element elementor-element-28e11a8\" data-id=\"28e11a8\" data-element_type=\"column\" data-e-type=\"column\">\n\t\t\t<div class=\"elementor-widget-wrap elementor-element-populated\">\n\t\t\t\t\t\t<div class=\"elementor-element elementor-element-06228a2 elementor-widget elementor-widget-image\" data-id=\"06228a2\" data-element_type=\"widget\" data-e-type=\"widget\" data-widget_type=\"image.default\">\n\t\t\t\t<div class=\"elementor-widget-container\">\n\t\t\t\t\t\t\t\t\t\t\t\t<figure class=\"wp-caption\">\n\t\t\t\t\t\t\t\t\t\t\t<a href=\"https:\/\/www.iessansebastian.com\/web\/wp-content\/uploads\/2025\/05\/InstruccionesPresentacionSolicitudIFCT0309.pdf\">\n\t\t\t\t\t\t\t<img decoding=\"async\" width=\"1024\" height=\"1024\" src=\"https:\/\/www.iessansebastian.com\/web\/wp-content\/uploads\/2025\/04\/Doc_CdP-1024x1024.png\" class=\"attachment-large size-large wp-image-10198\" alt=\"\" srcset=\"https:\/\/www.iessansebastian.com\/web\/wp-content\/uploads\/2025\/04\/Doc_CdP-1024x1024.png 1024w, https:\/\/www.iessansebastian.com\/web\/wp-content\/uploads\/2025\/04\/Doc_CdP-300x300.png 300w, https:\/\/www.iessansebastian.com\/web\/wp-content\/uploads\/2025\/04\/Doc_CdP-150x150.png 150w, https:\/\/www.iessansebastian.com\/web\/wp-content\/uploads\/2025\/04\/Doc_CdP-768x768.png 768w, https:\/\/www.iessansebastian.com\/web\/wp-content\/uploads\/2025\/04\/Doc_CdP-1536x1536.png 1536w, https:\/\/www.iessansebastian.com\/web\/wp-content\/uploads\/2025\/04\/Doc_CdP-2048x2048.png 2048w, https:\/\/www.iessansebastian.com\/web\/wp-content\/uploads\/2025\/04\/Doc_CdP-600x600.png 600w\" sizes=\"(max-width: 1024px) 100vw, 1024px\" \/>\t\t\t\t\t\t\t\t<\/a>\n\t\t\t\t\t\t\t\t\t\t\t<figcaption class=\"widget-image-caption wp-caption-text\">PASO 1: DOCUMENTACI\u00d3N A PRESENTAR<\/figcaption>\n\t\t\t\t\t\t\t\t\t\t<\/figure>\n\t\t\t\t\t\t\t\t\t<\/div>\n\t\t\t\t<\/div>\n\t\t\t\t\t<\/div>\n\t\t<\/div>\n\t\t\t\t<div class=\"elementor-column elementor-col-33 elementor-top-column elementor-element elementor-element-e4b35b7\" data-id=\"e4b35b7\" data-element_type=\"column\" data-e-type=\"column\">\n\t\t\t<div class=\"elementor-widget-wrap elementor-element-populated\">\n\t\t\t\t\t\t<div class=\"elementor-element elementor-element-e8eb35e elementor-widget elementor-widget-image\" data-id=\"e8eb35e\" data-element_type=\"widget\" data-e-type=\"widget\" data-widget_type=\"image.default\">\n\t\t\t\t<div class=\"elementor-widget-container\">\n\t\t\t\t\t\t\t\t\t\t\t\t<figure class=\"wp-caption\">\n\t\t\t\t\t\t\t\t\t\t<img loading=\"lazy\" decoding=\"async\" width=\"1024\" height=\"683\" src=\"https:\/\/www.iessansebastian.com\/web\/wp-content\/uploads\/2025\/04\/secrevirtual-1024x683.jpg\" class=\"attachment-large size-large wp-image-10191\" alt=\"\" srcset=\"https:\/\/www.iessansebastian.com\/web\/wp-content\/uploads\/2025\/04\/secrevirtual-1024x683.jpg 1024w, https:\/\/www.iessansebastian.com\/web\/wp-content\/uploads\/2025\/04\/secrevirtual-300x200.jpg 300w, https:\/\/www.iessansebastian.com\/web\/wp-content\/uploads\/2025\/04\/secrevirtual-768x512.jpg 768w, https:\/\/www.iessansebastian.com\/web\/wp-content\/uploads\/2025\/04\/secrevirtual.jpg 1056w\" sizes=\"(max-width: 1024px) 100vw, 1024px\" \/>\t\t\t\t\t\t\t\t\t\t\t<figcaption class=\"widget-image-caption wp-caption-text\">PASO 2: PRESENTACI\u00d3N DE DOCUMENTACI\u00d3N<\/figcaption>\n\t\t\t\t\t\t\t\t\t\t<\/figure>\n\t\t\t\t\t\t\t\t\t<\/div>\n\t\t\t\t<\/div>\n\t\t\t\t\t<\/div>\n\t\t<\/div>\n\t\t\t\t\t<\/div>\n\t\t<\/section>\n\t\t\t\t<section class=\"elementor-section elementor-top-section elementor-element elementor-element-a05b307 elementor-section-boxed elementor-section-height-default elementor-section-height-default\" data-id=\"a05b307\" data-element_type=\"section\" data-e-type=\"section\">\n\t\t\t\t\t\t<div class=\"elementor-container elementor-column-gap-default\">\n\t\t\t\t\t<div class=\"elementor-column elementor-col-100 elementor-top-column elementor-element elementor-element-a23c9f0\" data-id=\"a23c9f0\" data-element_type=\"column\" data-e-type=\"column\">\n\t\t\t<div class=\"elementor-widget-wrap elementor-element-populated\">\n\t\t\t\t\t\t<div class=\"elementor-element elementor-element-316edbf elementor-widget elementor-widget-text-editor\" data-id=\"316edbf\" data-element_type=\"widget\" data-e-type=\"widget\" data-widget_type=\"text-editor.default\">\n\t\t\t\t<div class=\"elementor-widget-container\">\n\t\t\t\t\t\t\t\t\t<h4 style=\"font-variant-ligatures: normal; font-variant-caps: normal; font-family: 'Playfair Display', sans-serif; font-style: normal; text-align: center;\"><span style=\"font-size: 17px; color: #000000;\"><span style=\"font-size: 23px; font-weight: 600;\">Abierto Plazo de Inscripci\u00f3n!!<\/span><\/span><\/h4>\n<h3 style=\"text-align: center;\">Publicaci\u00f3n listas Provisionales de admitidos: 9 de junio<\/h3>\n<h3 style=\"text-align: center;\">Alegaciones 9, 10 y 11 de junio<\/h3>\n<h3 style=\"text-align: center;\"><span style=\"color: #ff0000;\">Se aplaza Publicaci\u00f3n listas Definitivas de admitidos al 16 de junio<\/span><\/h3>\n<p style=\"font-variant-ligatures: normal; font-variant-caps: normal; font-family: 'Playfair Display', sans-serif; font-size: 21px; font-style: normal; font-weight: 400; color: #5e5e5e; text-align: center;\"><span style=\"font-size: 21px; font-weight: 600;\"><span style=\"font-size: 21px; color: #0000ff;\">IFCT0309&nbsp;<span style=\"font-size: 21px;\">Montaje y Reparaci\u00f3n de Sistemas Microinform\u00e1ticos<\/span> &#8211; Nivel 2<\/span><\/span><\/p>\n<p style=\"font-variant-ligatures: normal; font-variant-caps: normal; font-family: 'Playfair Display', sans-serif; font-size: 21px; font-style: normal; font-weight: 400; color: #5e5e5e; text-align: center;\"><span style=\"font-size: 21px; font-weight: 600;\"><span style=\"font-size: 21px; color: #0000ff;\"> Oferta Completa 560 horas<\/span><\/span><\/p>\n<p style=\"font-variant-ligatures: normal; font-variant-caps: normal; font-family: 'Playfair Display', sans-serif; font-size: 21px; font-style: normal; font-weight: 400; color: #5e5e5e; text-align: center;\"><strong><span style=\"font-size: 21px; color: #000000;\">Del 18 de junio al 25 de julio de 2025 y Del 1 de septiembre al 22 de diciembre<\/span><\/strong><\/p>\n<p style=\"font-variant-ligatures: normal; font-variant-caps: normal; font-family: 'Playfair Display', sans-serif; font-size: 21px; font-style: normal; font-weight: 400; color: #5e5e5e; text-align: center;\"><strong><span style=\"font-size: 21px; color: #000000;\">Horario:<\/span><\/strong><\/p>\n<p style=\"font-variant-ligatures: normal; font-variant-caps: normal; font-family: 'Playfair Display', sans-serif; font-size: 21px; font-style: normal; font-weight: 400; color: #5e5e5e; text-align: center;\"><span style=\"font-size: 21px; color: #000000;\">&#8211; D<\/span><span style=\"font-size: 21px; color: #000000;\">e lunes a jueves de 15:00 a 21:00 h. En j<\/span><span style=\"font-family: 'Playfair Display', sans-serif; font-size: 21px; font-style: normal; font-variant-ligatures: normal; font-variant-caps: normal; font-weight: 400; color: #000000;\">ulio <\/span><span style=\"font-family: 'Playfair Display', sans-serif; font-size: 21px; font-style: normal; font-variant-ligatures: normal; font-variant-caps: normal; font-weight: 400; color: #000000;\">de lunes a viernes de 9:00 a 14:00 h<\/span><\/p>\n<h4 style=\"font-variant-ligatures: normal; font-variant-caps: normal; font-family: 'Playfair Display', sans-serif; font-size: 21px; font-style: normal; font-weight: 400; color: #5e5e5e; text-align: center;\"><span style=\"font-size: 21px; color: #000000;\">&#8211; Estancia Formativa en Empresa u Organismo Equiparado (129 horas):&nbsp;<\/span><span style=\"color: #000000; font-family: 'Playfair Display', sans-serif; font-size: 21px; font-style: normal; font-variant-ligatures: normal; font-variant-caps: normal; font-weight: 400;\">Del 26\/11 al 22\/12 de 2025.<\/span><\/h4>\t\t\t\t\t\t\t\t<\/div>\n\t\t\t\t<\/div>\n\t\t\t\t\t<\/div>\n\t\t<\/div>\n\t\t\t\t\t<\/div>\n\t\t<\/section>\n\t\t\t\t<\/div>\n\t\t","protected":false},"excerpt":{"rendered":"<p>CERTIFICADOS DE PROFESIONALIDAD PASO 1: DOCUMENTACI\u00d3N A PRESENTAR PASO 2: PRESENTACI\u00d3N DE DOCUMENTACI\u00d3N Abierto Plazo de Inscripci\u00f3n!! Publicaci\u00f3n listas Provisionales de admitidos: 9 de junio Alegaciones 9, 10 y 11 [&hellip;]<\/p>\n","protected":false},"author":1,"featured_media":0,"parent":0,"menu_order":0,"comment_status":"closed","ping_status":"closed","template":"","meta":{"ocean_post_layout":"","ocean_both_sidebars_style":"","ocean_both_sidebars_content_width":0,"ocean_both_sidebars_sidebars_width":0,"ocean_sidebar":"0","ocean_second_sidebar":"0","ocean_disable_margins":"on","ocean_add_body_class":"","ocean_shortcode_before_top_bar":"","ocean_shortcode_after_top_bar":"","ocean_shortcode_before_header":"","ocean_shortcode_after_header":"","ocean_has_shortcode":"","ocean_shortcode_after_title":"","ocean_shortcode_before_footer_widgets":"","ocean_shortcode_after_footer_widgets":"","ocean_shortcode_before_footer_bottom":"","ocean_shortcode_after_footer_bottom":"","ocean_display_top_bar":"default","ocean_display_header":"default","ocean_header_style":"","ocean_center_header_left_menu":"0","ocean_custom_header_template":"0","ocean_custom_logo":0,"ocean_custom_retina_logo":0,"ocean_custom_logo_max_width":0,"ocean_custom_logo_tablet_max_width":0,"ocean_custom_logo_mobile_max_width":0,"ocean_custom_logo_max_height":0,"ocean_custom_logo_tablet_max_height":0,"ocean_custom_logo_mobile_max_height":0,"ocean_header_custom_menu":"0","ocean_menu_typo_font_family":"0","ocean_menu_typo_font_subset":"","ocean_menu_typo_font_size":0,"ocean_menu_typo_font_size_tablet":0,"ocean_menu_typo_font_size_mobile":0,"ocean_menu_typo_font_size_unit":"px","ocean_menu_typo_font_weight":"","ocean_menu_typo_font_weight_tablet":"","ocean_menu_typo_font_weight_mobile":"","ocean_menu_typo_transform":"","ocean_menu_typo_transform_tablet":"","ocean_menu_typo_transform_mobile":"","ocean_menu_typo_line_height":0,"ocean_menu_typo_line_height_tablet":0,"ocean_menu_typo_line_height_mobile":0,"ocean_menu_typo_line_height_unit":"","ocean_menu_typo_spacing":0,"ocean_menu_typo_spacing_tablet":0,"ocean_menu_typo_spacing_mobile":0,"ocean_menu_typo_spacing_unit":"","ocean_menu_link_color":"","ocean_menu_link_color_hover":"","ocean_menu_link_color_active":"","ocean_menu_link_background":"","ocean_menu_link_hover_background":"","ocean_menu_link_active_background":"","ocean_menu_social_links_bg":"","ocean_menu_social_hover_links_bg":"","ocean_menu_social_links_color":"","ocean_menu_social_hover_links_color":"","ocean_disable_title":"on","ocean_disable_heading":"default","ocean_post_title":"","ocean_post_subheading":"","ocean_post_title_style":"","ocean_post_title_background_color":"","ocean_post_title_background":0,"ocean_post_title_bg_image_position":"","ocean_post_title_bg_image_attachment":"","ocean_post_title_bg_image_repeat":"","ocean_post_title_bg_image_size":"","ocean_post_title_height":0,"ocean_post_title_bg_overlay":0.5,"ocean_post_title_bg_overlay_color":"","ocean_disable_breadcrumbs":"default","ocean_breadcrumbs_color":"","ocean_breadcrumbs_separator_color":"","ocean_breadcrumbs_links_color":"","ocean_breadcrumbs_links_hover_color":"","ocean_display_footer_widgets":"default","ocean_display_footer_bottom":"default","ocean_custom_footer_template":"0","footnotes":""},"class_list":["post-4212","page","type-page","status-publish","hentry","entry"],"_links":{"self":[{"href":"https:\/\/www.iessansebastian.com\/web\/wp-json\/wp\/v2\/pages\/4212","targetHints":{"allow":["GET"]}}],"collection":[{"href":"https:\/\/www.iessansebastian.com\/web\/wp-json\/wp\/v2\/pages"}],"about":[{"href":"https:\/\/www.iessansebastian.com\/web\/wp-json\/wp\/v2\/types\/page"}],"author":[{"embeddable":true,"href":"https:\/\/www.iessansebastian.com\/web\/wp-json\/wp\/v2\/users\/1"}],"replies":[{"embeddable":true,"href":"https:\/\/www.iessansebastian.com\/web\/wp-json\/wp\/v2\/comments?post=4212"}],"version-history":[{"count":223,"href":"https:\/\/www.iessansebastian.com\/web\/wp-json\/wp\/v2\/pages\/4212\/revisions"}],"predecessor-version":[{"id":10497,"href":"https:\/\/www.iessansebastian.com\/web\/wp-json\/wp\/v2\/pages\/4212\/revisions\/10497"}],"wp:attachment":[{"href":"https:\/\/www.iessansebastian.com\/web\/wp-json\/wp\/v2\/media?parent=4212"}],"curies":[{"name":"wp","href":"https:\/\/api.w.org\/{rel}","templated":true}]}}